{"id":18,"date":"2016-12-30T16:47:03","date_gmt":"2016-12-30T15:47:03","guid":{"rendered":"http:\/\/laboiteaks.cluster020.hosting.ovh.net\/?page_id=18"},"modified":"2025-12-19T20:28:52","modified_gmt":"2025-12-19T19:28:52","slug":"boite-concept-conseil-en-innovation-strategique-recrutement-it-sur-mesure-par-approche-directe-au-sucess-fee-concepts-rh","status":"publish","type":"page","link":"https:\/\/www.laboiteaconcepts.com\/","title":{"rendered":"De l&rsquo;innovation \u00e0 la disruption"},"content":{"rendered":"<p style=\"text-align: justify;\">La transformation digitale, c&rsquo;est garder le contact avec son march\u00e9.<\/p>\n<p style=\"text-align: justify;\">R\u00e9inventer ses usages, c&rsquo;est le prendre !<\/p>\n<p>&nbsp;<\/p>\n","protected":false},"excerpt":{"rendered":"<p>La transformation digitale, c&rsquo;est garder le contact avec son march\u00e9. R\u00e9inventer ses usages, c&rsquo;est le prendre ! &nbsp;<\/p>\n","protected":false},"author":1,"featured_media":0,"parent":0,"menu_order":0,"comment_status":"closed","ping_status":"closed","template":"","meta":{"_acf_changed":false,"_monsterinsights_skip_tracking":false,"_monsterinsights_sitenote_active":false,"_monsterinsights_sitenote_note":"","_monsterinsights_sitenote_category":0,"footnotes":""},"class_list":["post-18","page","type-page","status-publish","hentry"],"acf":[],"yoast_head":"<!-- This site is optimized with the Yoast SEO plugin v27.5 - https:\/\/yoast.com\/product\/yoast-seo-wordpress\/ -->\n<title>Bo\u00eete \u00e0 Concept, boiteaconcept, laboiteaconcepts, boite \u00e0 concept<\/title>\n<meta name=\"description\" content=\"Direction de Projets Structurants &amp; Expertise IT, Recrutement IT par Approche Directe au Success Fee , SAP ECC, S\/4HANA, M3, e-invoicing, AI\" \/>\n<meta name=\"robots\" content=\"index, follow, max-snippet:-1, max-image-preview:large, max-video-preview:-1\" \/>\n<link rel=\"canonical\" href=\"https:\/\/www.laboiteaconcepts.com\/\" \/>\n<meta property=\"og:locale\" content=\"fr_FR\" \/>\n<meta property=\"og:type\" content=\"article\" \/>\n<meta property=\"og:title\" content=\"Bo\u00eete \u00e0 Concept, boiteaconcept, laboiteaconcepts, boite \u00e0 concept\" \/>\n<meta property=\"og:description\" content=\"Direction de Projets Structurants &amp; Expertise IT, Recrutement IT par Approche Directe au Success Fee , SAP ECC, S\/4HANA, M3, e-invoicing, AI\" \/>\n<meta property=\"og:url\" content=\"https:\/\/www.laboiteaconcepts.com\/\" \/>\n<meta property=\"og:site_name\" content=\"La Bo\u00eete \u00e0 Concepts\" \/>\n<meta property=\"article:modified_time\" content=\"2025-12-19T19:28:52+00:00\" \/>\n<meta name=\"twitter:card\" content=\"summary_large_image\" \/>\n<meta name=\"twitter:site\" content=\"@BoiteAConcepts\" \/>\n<meta name=\"twitter:label1\" content=\"Dur\u00e9e de lecture estim\u00e9e\" \/>\n\t<meta name=\"twitter:data1\" content=\"1 minute\" \/>\n<script type=\"application\/ld+json\" class=\"yoast-schema-graph\">{\"@context\":\"https:\\\/\\\/schema.org\",\"@graph\":[{\"@type\":\"WebPage\",\"@id\":\"https:\\\/\\\/www.laboiteaconcepts.com\\\/\",\"url\":\"https:\\\/\\\/www.laboiteaconcepts.com\\\/\",\"name\":\"Bo\u00eete \u00e0 Concept, boiteaconcept, laboiteaconcepts, boite \u00e0 concept\",\"isPartOf\":{\"@id\":\"https:\\\/\\\/www.laboiteaconcepts.com\\\/#website\"},\"datePublished\":\"2016-12-30T15:47:03+00:00\",\"dateModified\":\"2025-12-19T19:28:52+00:00\",\"description\":\"Direction de Projets Structurants & Expertise IT, Recrutement IT par Approche Directe au Success Fee , SAP ECC, S\\\/4HANA, M3, e-invoicing, AI\",\"breadcrumb\":{\"@id\":\"https:\\\/\\\/www.laboiteaconcepts.com\\\/#breadcrumb\"},\"inLanguage\":\"fr-FR\",\"potentialAction\":[{\"@type\":\"ReadAction\",\"target\":[\"https:\\\/\\\/www.laboiteaconcepts.com\\\/\"]}]},{\"@type\":\"BreadcrumbList\",\"@id\":\"https:\\\/\\\/www.laboiteaconcepts.com\\\/#breadcrumb\",\"itemListElement\":[{\"@type\":\"ListItem\",\"position\":1,\"name\":\"Accueil\",\"item\":\"https:\\\/\\\/www.laboiteaconcepts.com\\\/\"},{\"@type\":\"ListItem\",\"position\":2,\"name\":\"De l&rsquo;innovation \u00e0 la disruption\"}]},{\"@type\":\"WebSite\",\"@id\":\"https:\\\/\\\/www.laboiteaconcepts.com\\\/#website\",\"url\":\"https:\\\/\\\/www.laboiteaconcepts.com\\\/\",\"name\":\"La Bo\u00eete \u00e0 Concepts\",\"description\":\"Innovations that ease your World\",\"publisher\":{\"@id\":\"https:\\\/\\\/www.laboiteaconcepts.com\\\/#organization\"},\"potentialAction\":[{\"@type\":\"SearchAction\",\"target\":{\"@type\":\"EntryPoint\",\"urlTemplate\":\"https:\\\/\\\/www.laboiteaconcepts.com\\\/?s={search_term_string}\"},\"query-input\":{\"@type\":\"PropertyValueSpecification\",\"valueRequired\":true,\"valueName\":\"search_term_string\"}}],\"inLanguage\":\"fr-FR\"},{\"@type\":\"Organization\",\"@id\":\"https:\\\/\\\/www.laboiteaconcepts.com\\\/#organization\",\"name\":\"La Bo\u00eete \u00e0 Concepts\",\"url\":\"https:\\\/\\\/www.laboiteaconcepts.com\\\/\",\"logo\":{\"@type\":\"ImageObject\",\"inLanguage\":\"fr-FR\",\"@id\":\"https:\\\/\\\/www.laboiteaconcepts.com\\\/#\\\/schema\\\/logo\\\/image\\\/\",\"url\":\"https:\\\/\\\/www.laboiteaconcepts.com\\\/wp-content\\\/uploads\\\/2017\\\/01\\\/Logo-La-Bo\u00eete-\u00e0-Concepts-1.jpg\",\"contentUrl\":\"https:\\\/\\\/www.laboiteaconcepts.com\\\/wp-content\\\/uploads\\\/2017\\\/01\\\/Logo-La-Bo\u00eete-\u00e0-Concepts-1.jpg\",\"width\":228,\"height\":221,\"caption\":\"La Bo\u00eete \u00e0 Concepts\"},\"image\":{\"@id\":\"https:\\\/\\\/www.laboiteaconcepts.com\\\/#\\\/schema\\\/logo\\\/image\\\/\"},\"sameAs\":[\"https:\\\/\\\/x.com\\\/BoiteAConcepts\"]}]}<\/script>\n<!-- \/ Yoast SEO plugin. -->","yoast_head_json":{"title":"Bo\u00eete \u00e0 Concept, boiteaconcept, laboiteaconcepts, boite \u00e0 concept","description":"Direction de Projets Structurants & Expertise IT, Recrutement IT par Approche Directe au Success Fee , SAP ECC, S\/4HANA, M3, e-invoicing, AI","robots":{"index":"index","follow":"follow","max-snippet":"max-snippet:-1","max-image-preview":"max-image-preview:large","max-video-preview":"max-video-preview:-1"},"canonical":"https:\/\/www.laboiteaconcepts.com\/","og_locale":"fr_FR","og_type":"article","og_title":"Bo\u00eete \u00e0 Concept, boiteaconcept, laboiteaconcepts, boite \u00e0 concept","og_description":"Direction de Projets Structurants & Expertise IT, Recrutement IT par Approche Directe au Success Fee , SAP ECC, S\/4HANA, M3, e-invoicing, AI","og_url":"https:\/\/www.laboiteaconcepts.com\/","og_site_name":"La Bo\u00eete \u00e0 Concepts","article_modified_time":"2025-12-19T19:28:52+00:00","twitter_card":"summary_large_image","twitter_site":"@BoiteAConcepts","twitter_misc":{"Dur\u00e9e de lecture estim\u00e9e":"1 minute"},"schema":{"@context":"https:\/\/schema.org","@graph":[{"@type":"WebPage","@id":"https:\/\/www.laboiteaconcepts.com\/","url":"https:\/\/www.laboiteaconcepts.com\/","name":"Bo\u00eete \u00e0 Concept, boiteaconcept, laboiteaconcepts, boite \u00e0 concept","isPartOf":{"@id":"https:\/\/www.laboiteaconcepts.com\/#website"},"datePublished":"2016-12-30T15:47:03+00:00","dateModified":"2025-12-19T19:28:52+00:00","description":"Direction de Projets Structurants & Expertise IT, Recrutement IT par Approche Directe au Success Fee , SAP ECC, S\/4HANA, M3, e-invoicing, AI","breadcrumb":{"@id":"https:\/\/www.laboiteaconcepts.com\/#breadcrumb"},"inLanguage":"fr-FR","potentialAction":[{"@type":"ReadAction","target":["https:\/\/www.laboiteaconcepts.com\/"]}]},{"@type":"BreadcrumbList","@id":"https:\/\/www.laboiteaconcepts.com\/#breadcrumb","itemListElement":[{"@type":"ListItem","position":1,"name":"Accueil","item":"https:\/\/www.laboiteaconcepts.com\/"},{"@type":"ListItem","position":2,"name":"De l&rsquo;innovation \u00e0 la disruption"}]},{"@type":"WebSite","@id":"https:\/\/www.laboiteaconcepts.com\/#website","url":"https:\/\/www.laboiteaconcepts.com\/","name":"La Bo\u00eete \u00e0 Concepts","description":"Innovations that ease your World","publisher":{"@id":"https:\/\/www.laboiteaconcepts.com\/#organization"},"potentialAction":[{"@type":"SearchAction","target":{"@type":"EntryPoint","urlTemplate":"https:\/\/www.laboiteaconcepts.com\/?s={search_term_string}"},"query-input":{"@type":"PropertyValueSpecification","valueRequired":true,"valueName":"search_term_string"}}],"inLanguage":"fr-FR"},{"@type":"Organization","@id":"https:\/\/www.laboiteaconcepts.com\/#organization","name":"La Bo\u00eete \u00e0 Concepts","url":"https:\/\/www.laboiteaconcepts.com\/","logo":{"@type":"ImageObject","inLanguage":"fr-FR","@id":"https:\/\/www.laboiteaconcepts.com\/#\/schema\/logo\/image\/","url":"https:\/\/www.laboiteaconcepts.com\/wp-content\/uploads\/2017\/01\/Logo-La-Bo\u00eete-\u00e0-Concepts-1.jpg","contentUrl":"https:\/\/www.laboiteaconcepts.com\/wp-content\/uploads\/2017\/01\/Logo-La-Bo\u00eete-\u00e0-Concepts-1.jpg","width":228,"height":221,"caption":"La Bo\u00eete \u00e0 Concepts"},"image":{"@id":"https:\/\/www.laboiteaconcepts.com\/#\/schema\/logo\/image\/"},"sameAs":["https:\/\/x.com\/BoiteAConcepts"]}]}},"_links":{"self":[{"href":"https:\/\/www.laboiteaconcepts.com\/index.php\/wp-json\/wp\/v2\/pages\/18","targetHints":{"allow":["GET"]}}],"collection":[{"href":"https:\/\/www.laboiteaconcepts.com\/index.php\/wp-json\/wp\/v2\/pages"}],"about":[{"href":"https:\/\/www.laboiteaconcepts.com\/index.php\/wp-json\/wp\/v2\/types\/page"}],"author":[{"embeddable":true,"href":"https:\/\/www.laboiteaconcepts.com\/index.php\/wp-json\/wp\/v2\/users\/1"}],"replies":[{"embeddable":true,"href":"https:\/\/www.laboiteaconcepts.com\/index.php\/wp-json\/wp\/v2\/comments?post=18"}],"version-history":[{"count":5,"href":"https:\/\/www.laboiteaconcepts.com\/index.php\/wp-json\/wp\/v2\/pages\/18\/revisions"}],"predecessor-version":[{"id":92,"href":"https:\/\/www.laboiteaconcepts.com\/index.php\/wp-json\/wp\/v2\/pages\/18\/revisions\/92"}],"wp:attachment":[{"href":"https:\/\/www.laboiteaconcepts.com\/index.php\/wp-json\/wp\/v2\/media?parent=18"}],"curies":[{"name":"wp","href":"https:\/\/api.w.org\/{rel}","templated":true}]}}