{"id":220,"date":"2017-01-16T19:05:16","date_gmt":"2017-01-16T18:05:16","guid":{"rendered":"http:\/\/laboiteaconcepts.com\/?page_id=220"},"modified":"2021-07-26T09:28:13","modified_gmt":"2021-07-26T07:28:13","slug":"the-team","status":"publish","type":"page","link":"https:\/\/www.laboiteaconcepts.com\/index.php\/en\/the-team\/","title":{"rendered":"The Team"},"content":{"rendered":"<p><img loading=\"lazy\" decoding=\"async\" class=\"alignnone size-full wp-image-221\" src=\"http:\/\/laboiteaconcepts.com\/wp-content\/uploads\/2017\/01\/St\u00e9phane-BAURBERG-CEO-La-Bo\u00eete-\u00e0-Concepts.jpg\" alt=\"\" width=\"104\" height=\"106\" \/><strong>St\u00e9phane BAURBERG \u2013 CEO<\/strong><\/p>\n<p style=\"text-align: justify;\">Graduated from the Institut Sup\u00e9rieur de Gestion, resolutely Next Thing Dreamer &amp; User-Centric Lover, St\u00e9phane advises for over 20 years major companies from Retail, Leasure &amp; Hospitality, Banking, Finance and Insurance, with a special attachment for human realization. He has dedicated his career to maximize business and users performance through innovative concepts creations.<\/p>\n<p style=\"text-align: justify;\">St\u00e9phane notably <strong>founded <a href=\"https:\/\/www.youtube.com\/watch?v=ZoVTeT19xTA\">Jobs Booker<\/a><\/strong>, <strong>the first platform dedicated to <b>Retail<\/b><b>, <\/b><b>Leisure<\/b><b> and <\/b><b>Hospitality that allows\u00a0<\/b>to manage the whole <a href=\"https:\/\/www.laboiteaconcepts.com\/index.php\/en\/our_offers\/atypik-sparkling-recruitments\/\">hiring <\/a>process :<\/strong> from the best match on criteria such as competence, proximity, salary, hourly volume, schedule, to the digital contract conclusion, passing by videoconferencing Interviews. In this context, <strong>he \u00a0created the 1st Connected Postings and the 1st Sort Engine by Consensus.<\/strong><\/p>\n<p style=\"text-align: justify;\">In the field of services, <strong>he has notably developed an Outsourcing Solution for Grant Attribution dedicated to Blue Chip Companies, which has enabled them to obtain tens of millions euros to maintain jobs, empower employees training and boost their growth.<\/strong><\/p>\n<p style=\"text-align: justify;\">He has created the <a href=\"https:\/\/www.laboiteaconcepts.com\/wp-content\/uploads\/2018\/09\/360-Crash-Test-Presentation-La-Bo\u00eete-\u00e0-Concepts.pdf\" target=\"_blank\" rel=\"noopener\"><strong>360 Crash Test<\/strong><\/a>, preventive methodology to audit innovative projects risks, integrating a 360\u00b0 strategic vision of company&rsquo;s Business Divisions and promoting disruptive transformation in Agile mode.<\/p>\n<p style=\"text-align: justify;\"><strong>He loves\u00a0:<\/strong> Disrupting sectors, one by one, to anticipate consumers expectations and improve welfare of the greatest number.<\/p>\n<p style=\"text-align: justify;\"><strong>His assets :<\/strong> A thorough knowledge of Blue Chip companies various strategic components (HR, IT, Business, Marketing and Finance) and constraints.<\/p>\n<p><img loading=\"lazy\" decoding=\"async\" class=\"alignnone size-medium wp-image-222\" src=\"http:\/\/laboiteaconcepts.com\/wp-content\/uploads\/2017\/01\/smartphone-1445489_1920-300x134.jpg\" alt=\"\" width=\"300\" height=\"134\" srcset=\"https:\/\/www.laboiteaconcepts.com\/wp-content\/uploads\/2017\/01\/smartphone-1445489_1920-300x134.jpg 300w, https:\/\/www.laboiteaconcepts.com\/wp-content\/uploads\/2017\/01\/smartphone-1445489_1920.jpg 500w\" sizes=\"auto, (max-width: 300px) 100vw, 300px\" \/><\/p>\n<p><strong>The Experts of La Bo\u00eete \u00e0 Concepts<\/strong><\/p>\n<p style=\"text-align: justify;\">Around St\u00e9phane, we mobilize renowned experts, to bring to each project a light from all strategic business functions, as well as the sharpest knowledge on each topic.<\/p>\n<p style=\"text-align: justify;\">Our structured approach makes each client feel unique, in a stimulating environment that offers proximity, innovation, ROI and secured change management in Agile mode.<\/p>\n","protected":false},"excerpt":{"rendered":"<p>St\u00e9phane BAURBERG \u2013 CEO Graduated from the Institut Sup\u00e9rieur de Gestion, resolutely Next Thing Dreamer &amp; User-Centric Lover, St\u00e9phane advises for over 20 years major companies from Retail, Leasure &amp; Hospitality, Banking, Finance and Insurance, with a special attachment for human realization. He has dedicated his career to maximize business and users performance through innovative &hellip; <\/p>\n<p class=\"link-more\"><a href=\"https:\/\/www.laboiteaconcepts.com\/index.php\/en\/the-team\/\" class=\"more-link\">Continuer la lecture<span class=\"screen-reader-text\"> de &laquo;&nbsp;The Team&nbsp;&raquo;<\/span><\/a><\/p>\n","protected":false},"author":1,"featured_media":115,"parent":0,"menu_order":0,"comment_status":"closed","ping_status":"closed","template":"","meta":{"_acf_changed":false,"_monsterinsights_skip_tracking":false,"_monsterinsights_sitenote_active":false,"_monsterinsights_sitenote_note":"","_monsterinsights_sitenote_category":0,"footnotes":""},"class_list":["post-220","page","type-page","status-publish","has-post-thumbnail","hentry"],"acf":[],"yoast_head":"<!-- This site is optimized with the Yoast SEO plugin v27.5 - https:\/\/yoast.com\/product\/yoast-seo-wordpress\/ -->\n<title>The Team | La Bo\u00eete \u00e0 Concepts<\/title>\n<meta name=\"robots\" content=\"index, follow, max-snippet:-1, max-image-preview:large, max-video-preview:-1\" \/>\n<link rel=\"canonical\" href=\"https:\/\/www.laboiteaconcepts.com\/index.php\/en\/the-team\/\" \/>\n<meta property=\"og:locale\" content=\"fr_FR\" \/>\n<meta property=\"og:type\" content=\"article\" \/>\n<meta property=\"og:title\" content=\"The Team | La Bo\u00eete \u00e0 Concepts\" \/>\n<meta property=\"og:description\" content=\"St\u00e9phane BAURBERG \u2013 CEO Graduated from the Institut Sup\u00e9rieur de Gestion, resolutely Next Thing Dreamer &amp; User-Centric Lover, St\u00e9phane advises for over 20 years major companies from Retail, Leasure &amp; Hospitality, Banking, Finance and Insurance, with a special attachment for human realization. He has dedicated his career to maximize business and users performance through innovative &hellip; Continuer la lecture de &laquo;&nbsp;The Team&nbsp;&raquo;\" \/>\n<meta property=\"og:url\" content=\"https:\/\/www.laboiteaconcepts.com\/index.php\/en\/the-team\/\" \/>\n<meta property=\"og:site_name\" content=\"La Bo\u00eete \u00e0 Concepts\" \/>\n<meta property=\"article:modified_time\" content=\"2021-07-26T07:28:13+00:00\" \/>\n<meta property=\"og:image\" content=\"https:\/\/www.laboiteaconcepts.com\/wp-content\/uploads\/2016\/12\/Hands.jpg\" \/>\n\t<meta property=\"og:image:width\" content=\"1920\" \/>\n\t<meta property=\"og:image:height\" content=\"1281\" \/>\n\t<meta property=\"og:image:type\" content=\"image\/jpeg\" \/>\n<meta name=\"twitter:card\" content=\"summary_large_image\" \/>\n<meta name=\"twitter:site\" content=\"@BoiteAConcepts\" \/>\n<meta name=\"twitter:label1\" content=\"Dur\u00e9e de lecture estim\u00e9e\" \/>\n\t<meta name=\"twitter:data1\" content=\"2 minutes\" \/>\n<script type=\"application\/ld+json\" class=\"yoast-schema-graph\">{\"@context\":\"https:\\\/\\\/schema.org\",\"@graph\":[{\"@type\":\"WebPage\",\"@id\":\"https:\\\/\\\/www.laboiteaconcepts.com\\\/index.php\\\/en\\\/the-team\\\/\",\"url\":\"https:\\\/\\\/www.laboiteaconcepts.com\\\/index.php\\\/en\\\/the-team\\\/\",\"name\":\"The Team | La Bo\u00eete \u00e0 Concepts\",\"isPartOf\":{\"@id\":\"https:\\\/\\\/www.laboiteaconcepts.com\\\/#website\"},\"primaryImageOfPage\":{\"@id\":\"https:\\\/\\\/www.laboiteaconcepts.com\\\/index.php\\\/en\\\/the-team\\\/#primaryimage\"},\"image\":{\"@id\":\"https:\\\/\\\/www.laboiteaconcepts.com\\\/index.php\\\/en\\\/the-team\\\/#primaryimage\"},\"thumbnailUrl\":\"https:\\\/\\\/www.laboiteaconcepts.com\\\/wp-content\\\/uploads\\\/2016\\\/12\\\/Hands.jpg\",\"datePublished\":\"2017-01-16T18:05:16+00:00\",\"dateModified\":\"2021-07-26T07:28:13+00:00\",\"breadcrumb\":{\"@id\":\"https:\\\/\\\/www.laboiteaconcepts.com\\\/index.php\\\/en\\\/the-team\\\/#breadcrumb\"},\"inLanguage\":\"fr-FR\",\"potentialAction\":[{\"@type\":\"ReadAction\",\"target\":[\"https:\\\/\\\/www.laboiteaconcepts.com\\\/index.php\\\/en\\\/the-team\\\/\"]}]},{\"@type\":\"ImageObject\",\"inLanguage\":\"fr-FR\",\"@id\":\"https:\\\/\\\/www.laboiteaconcepts.com\\\/index.php\\\/en\\\/the-team\\\/#primaryimage\",\"url\":\"https:\\\/\\\/www.laboiteaconcepts.com\\\/wp-content\\\/uploads\\\/2016\\\/12\\\/Hands.jpg\",\"contentUrl\":\"https:\\\/\\\/www.laboiteaconcepts.com\\\/wp-content\\\/uploads\\\/2016\\\/12\\\/Hands.jpg\",\"width\":1920,\"height\":1281},{\"@type\":\"BreadcrumbList\",\"@id\":\"https:\\\/\\\/www.laboiteaconcepts.com\\\/index.php\\\/en\\\/the-team\\\/#breadcrumb\",\"itemListElement\":[{\"@type\":\"ListItem\",\"position\":1,\"name\":\"Accueil\",\"item\":\"https:\\\/\\\/www.laboiteaconcepts.com\\\/\"},{\"@type\":\"ListItem\",\"position\":2,\"name\":\"The Team\"}]},{\"@type\":\"WebSite\",\"@id\":\"https:\\\/\\\/www.laboiteaconcepts.com\\\/#website\",\"url\":\"https:\\\/\\\/www.laboiteaconcepts.com\\\/\",\"name\":\"La Bo\u00eete \u00e0 Concepts\",\"description\":\"Innovations that ease your World\",\"publisher\":{\"@id\":\"https:\\\/\\\/www.laboiteaconcepts.com\\\/#organization\"},\"potentialAction\":[{\"@type\":\"SearchAction\",\"target\":{\"@type\":\"EntryPoint\",\"urlTemplate\":\"https:\\\/\\\/www.laboiteaconcepts.com\\\/?s={search_term_string}\"},\"query-input\":{\"@type\":\"PropertyValueSpecification\",\"valueRequired\":true,\"valueName\":\"search_term_string\"}}],\"inLanguage\":\"fr-FR\"},{\"@type\":\"Organization\",\"@id\":\"https:\\\/\\\/www.laboiteaconcepts.com\\\/#organization\",\"name\":\"La Bo\u00eete \u00e0 Concepts\",\"url\":\"https:\\\/\\\/www.laboiteaconcepts.com\\\/\",\"logo\":{\"@type\":\"ImageObject\",\"inLanguage\":\"fr-FR\",\"@id\":\"https:\\\/\\\/www.laboiteaconcepts.com\\\/#\\\/schema\\\/logo\\\/image\\\/\",\"url\":\"https:\\\/\\\/www.laboiteaconcepts.com\\\/wp-content\\\/uploads\\\/2017\\\/01\\\/Logo-La-Bo\u00eete-\u00e0-Concepts-1.jpg\",\"contentUrl\":\"https:\\\/\\\/www.laboiteaconcepts.com\\\/wp-content\\\/uploads\\\/2017\\\/01\\\/Logo-La-Bo\u00eete-\u00e0-Concepts-1.jpg\",\"width\":228,\"height\":221,\"caption\":\"La Bo\u00eete \u00e0 Concepts\"},\"image\":{\"@id\":\"https:\\\/\\\/www.laboiteaconcepts.com\\\/#\\\/schema\\\/logo\\\/image\\\/\"},\"sameAs\":[\"https:\\\/\\\/x.com\\\/BoiteAConcepts\"]}]}<\/script>\n<!-- \/ Yoast SEO plugin. -->","yoast_head_json":{"title":"The Team | La Bo\u00eete \u00e0 Concepts","robots":{"index":"index","follow":"follow","max-snippet":"max-snippet:-1","max-image-preview":"max-image-preview:large","max-video-preview":"max-video-preview:-1"},"canonical":"https:\/\/www.laboiteaconcepts.com\/index.php\/en\/the-team\/","og_locale":"fr_FR","og_type":"article","og_title":"The Team | La Bo\u00eete \u00e0 Concepts","og_description":"St\u00e9phane BAURBERG \u2013 CEO Graduated from the Institut Sup\u00e9rieur de Gestion, resolutely Next Thing Dreamer &amp; User-Centric Lover, St\u00e9phane advises for over 20 years major companies from Retail, Leasure &amp; Hospitality, Banking, Finance and Insurance, with a special attachment for human realization. He has dedicated his career to maximize business and users performance through innovative &hellip; Continuer la lecture de &laquo;&nbsp;The Team&nbsp;&raquo;","og_url":"https:\/\/www.laboiteaconcepts.com\/index.php\/en\/the-team\/","og_site_name":"La Bo\u00eete \u00e0 Concepts","article_modified_time":"2021-07-26T07:28:13+00:00","og_image":[{"width":1920,"height":1281,"url":"https:\/\/www.laboiteaconcepts.com\/wp-content\/uploads\/2016\/12\/Hands.jpg","type":"image\/jpeg"}],"twitter_card":"summary_large_image","twitter_site":"@BoiteAConcepts","twitter_misc":{"Dur\u00e9e de lecture estim\u00e9e":"2 minutes"},"schema":{"@context":"https:\/\/schema.org","@graph":[{"@type":"WebPage","@id":"https:\/\/www.laboiteaconcepts.com\/index.php\/en\/the-team\/","url":"https:\/\/www.laboiteaconcepts.com\/index.php\/en\/the-team\/","name":"The Team | La Bo\u00eete \u00e0 Concepts","isPartOf":{"@id":"https:\/\/www.laboiteaconcepts.com\/#website"},"primaryImageOfPage":{"@id":"https:\/\/www.laboiteaconcepts.com\/index.php\/en\/the-team\/#primaryimage"},"image":{"@id":"https:\/\/www.laboiteaconcepts.com\/index.php\/en\/the-team\/#primaryimage"},"thumbnailUrl":"https:\/\/www.laboiteaconcepts.com\/wp-content\/uploads\/2016\/12\/Hands.jpg","datePublished":"2017-01-16T18:05:16+00:00","dateModified":"2021-07-26T07:28:13+00:00","breadcrumb":{"@id":"https:\/\/www.laboiteaconcepts.com\/index.php\/en\/the-team\/#breadcrumb"},"inLanguage":"fr-FR","potentialAction":[{"@type":"ReadAction","target":["https:\/\/www.laboiteaconcepts.com\/index.php\/en\/the-team\/"]}]},{"@type":"ImageObject","inLanguage":"fr-FR","@id":"https:\/\/www.laboiteaconcepts.com\/index.php\/en\/the-team\/#primaryimage","url":"https:\/\/www.laboiteaconcepts.com\/wp-content\/uploads\/2016\/12\/Hands.jpg","contentUrl":"https:\/\/www.laboiteaconcepts.com\/wp-content\/uploads\/2016\/12\/Hands.jpg","width":1920,"height":1281},{"@type":"BreadcrumbList","@id":"https:\/\/www.laboiteaconcepts.com\/index.php\/en\/the-team\/#breadcrumb","itemListElement":[{"@type":"ListItem","position":1,"name":"Accueil","item":"https:\/\/www.laboiteaconcepts.com\/"},{"@type":"ListItem","position":2,"name":"The Team"}]},{"@type":"WebSite","@id":"https:\/\/www.laboiteaconcepts.com\/#website","url":"https:\/\/www.laboiteaconcepts.com\/","name":"La Bo\u00eete \u00e0 Concepts","description":"Innovations that ease your World","publisher":{"@id":"https:\/\/www.laboiteaconcepts.com\/#organization"},"potentialAction":[{"@type":"SearchAction","target":{"@type":"EntryPoint","urlTemplate":"https:\/\/www.laboiteaconcepts.com\/?s={search_term_string}"},"query-input":{"@type":"PropertyValueSpecification","valueRequired":true,"valueName":"search_term_string"}}],"inLanguage":"fr-FR"},{"@type":"Organization","@id":"https:\/\/www.laboiteaconcepts.com\/#organization","name":"La Bo\u00eete \u00e0 Concepts","url":"https:\/\/www.laboiteaconcepts.com\/","logo":{"@type":"ImageObject","inLanguage":"fr-FR","@id":"https:\/\/www.laboiteaconcepts.com\/#\/schema\/logo\/image\/","url":"https:\/\/www.laboiteaconcepts.com\/wp-content\/uploads\/2017\/01\/Logo-La-Bo\u00eete-\u00e0-Concepts-1.jpg","contentUrl":"https:\/\/www.laboiteaconcepts.com\/wp-content\/uploads\/2017\/01\/Logo-La-Bo\u00eete-\u00e0-Concepts-1.jpg","width":228,"height":221,"caption":"La Bo\u00eete \u00e0 Concepts"},"image":{"@id":"https:\/\/www.laboiteaconcepts.com\/#\/schema\/logo\/image\/"},"sameAs":["https:\/\/x.com\/BoiteAConcepts"]}]}},"_links":{"self":[{"href":"https:\/\/www.laboiteaconcepts.com\/index.php\/wp-json\/wp\/v2\/pages\/220","targetHints":{"allow":["GET"]}}],"collection":[{"href":"https:\/\/www.laboiteaconcepts.com\/index.php\/wp-json\/wp\/v2\/pages"}],"about":[{"href":"https:\/\/www.laboiteaconcepts.com\/index.php\/wp-json\/wp\/v2\/types\/page"}],"author":[{"embeddable":true,"href":"https:\/\/www.laboiteaconcepts.com\/index.php\/wp-json\/wp\/v2\/users\/1"}],"replies":[{"embeddable":true,"href":"https:\/\/www.laboiteaconcepts.com\/index.php\/wp-json\/wp\/v2\/comments?post=220"}],"version-history":[{"count":17,"href":"https:\/\/www.laboiteaconcepts.com\/index.php\/wp-json\/wp\/v2\/pages\/220\/revisions"}],"predecessor-version":[{"id":13102,"href":"https:\/\/www.laboiteaconcepts.com\/index.php\/wp-json\/wp\/v2\/pages\/220\/revisions\/13102"}],"wp:featuredmedia":[{"embeddable":true,"href":"https:\/\/www.laboiteaconcepts.com\/index.php\/wp-json\/wp\/v2\/media\/115"}],"wp:attachment":[{"href":"https:\/\/www.laboiteaconcepts.com\/index.php\/wp-json\/wp\/v2\/media?parent=220"}],"curies":[{"name":"wp","href":"https:\/\/api.w.org\/{rel}","templated":true}]}}