{"id":235,"date":"2017-01-16T19:36:21","date_gmt":"2017-01-16T18:36:21","guid":{"rendered":"http:\/\/laboiteaconcepts.com\/?page_id=235"},"modified":"2025-12-19T16:40:36","modified_gmt":"2025-12-19T15:40:36","slug":"our_offers","status":"publish","type":"page","link":"https:\/\/www.laboiteaconcepts.com\/index.php\/en\/our_offers\/","title":{"rendered":"Our offers"},"content":{"rendered":"<p><a href=\"https:\/\/www.laboiteaconcepts.com\/index.php\/en\/your-it-systems-deserve-to-be-atypik\">Your IT Systems Deserve to be Atypik<\/a> !<\/p>\n","protected":false},"excerpt":{"rendered":"<p>Your IT Systems Deserve to be Atypik !<\/p>\n","protected":false},"author":1,"featured_media":118,"parent":0,"menu_order":0,"comment_status":"closed","ping_status":"closed","template":"","meta":{"_acf_changed":false,"_monsterinsights_skip_tracking":false,"_monsterinsights_sitenote_active":false,"_monsterinsights_sitenote_note":"","_monsterinsights_sitenote_category":0,"footnotes":""},"class_list":["post-235","page","type-page","status-publish","has-post-thumbnail","hentry"],"acf":[],"yoast_head":"<!-- This site is optimized with the Yoast SEO plugin v27.5 - https:\/\/yoast.com\/product\/yoast-seo-wordpress\/ -->\n<title>Our offers | La Bo\u00eete \u00e0 Concepts<\/title>\n<meta name=\"robots\" content=\"index, follow, max-snippet:-1, max-image-preview:large, max-video-preview:-1\" \/>\n<link rel=\"canonical\" href=\"https:\/\/www.laboiteaconcepts.com\/index.php\/en\/our_offers\/\" \/>\n<meta property=\"og:locale\" content=\"fr_FR\" \/>\n<meta property=\"og:type\" content=\"article\" \/>\n<meta property=\"og:title\" content=\"Our offers | La Bo\u00eete \u00e0 Concepts\" \/>\n<meta property=\"og:description\" content=\"Your IT Systems Deserve to be Atypik !\" \/>\n<meta property=\"og:url\" content=\"https:\/\/www.laboiteaconcepts.com\/index.php\/en\/our_offers\/\" \/>\n<meta property=\"og:site_name\" content=\"La Bo\u00eete \u00e0 Concepts\" \/>\n<meta property=\"article:modified_time\" content=\"2025-12-19T15:40:36+00:00\" \/>\n<meta property=\"og:image\" content=\"https:\/\/www.laboiteaconcepts.com\/wp-content\/uploads\/2016\/12\/Perspective.jpg\" \/>\n\t<meta property=\"og:image:width\" content=\"1920\" \/>\n\t<meta property=\"og:image:height\" content=\"1391\" \/>\n\t<meta property=\"og:image:type\" content=\"image\/jpeg\" \/>\n<meta name=\"twitter:card\" content=\"summary_large_image\" \/>\n<meta name=\"twitter:site\" content=\"@BoiteAConcepts\" \/>\n<meta name=\"twitter:label1\" content=\"Dur\u00e9e de lecture estim\u00e9e\" \/>\n\t<meta name=\"twitter:data1\" content=\"1 minute\" \/>\n<script type=\"application\/ld+json\" class=\"yoast-schema-graph\">{\"@context\":\"https:\\\/\\\/schema.org\",\"@graph\":[{\"@type\":\"WebPage\",\"@id\":\"https:\\\/\\\/www.laboiteaconcepts.com\\\/index.php\\\/en\\\/our_offers\\\/\",\"url\":\"https:\\\/\\\/www.laboiteaconcepts.com\\\/index.php\\\/en\\\/our_offers\\\/\",\"name\":\"Our offers | La Bo\u00eete \u00e0 Concepts\",\"isPartOf\":{\"@id\":\"https:\\\/\\\/www.laboiteaconcepts.com\\\/#website\"},\"primaryImageOfPage\":{\"@id\":\"https:\\\/\\\/www.laboiteaconcepts.com\\\/index.php\\\/en\\\/our_offers\\\/#primaryimage\"},\"image\":{\"@id\":\"https:\\\/\\\/www.laboiteaconcepts.com\\\/index.php\\\/en\\\/our_offers\\\/#primaryimage\"},\"thumbnailUrl\":\"https:\\\/\\\/www.laboiteaconcepts.com\\\/wp-content\\\/uploads\\\/2016\\\/12\\\/Perspective.jpg\",\"datePublished\":\"2017-01-16T18:36:21+00:00\",\"dateModified\":\"2025-12-19T15:40:36+00:00\",\"breadcrumb\":{\"@id\":\"https:\\\/\\\/www.laboiteaconcepts.com\\\/index.php\\\/en\\\/our_offers\\\/#breadcrumb\"},\"inLanguage\":\"fr-FR\",\"potentialAction\":[{\"@type\":\"ReadAction\",\"target\":[\"https:\\\/\\\/www.laboiteaconcepts.com\\\/index.php\\\/en\\\/our_offers\\\/\"]}]},{\"@type\":\"ImageObject\",\"inLanguage\":\"fr-FR\",\"@id\":\"https:\\\/\\\/www.laboiteaconcepts.com\\\/index.php\\\/en\\\/our_offers\\\/#primaryimage\",\"url\":\"https:\\\/\\\/www.laboiteaconcepts.com\\\/wp-content\\\/uploads\\\/2016\\\/12\\\/Perspective.jpg\",\"contentUrl\":\"https:\\\/\\\/www.laboiteaconcepts.com\\\/wp-content\\\/uploads\\\/2016\\\/12\\\/Perspective.jpg\",\"width\":1920,\"height\":1391},{\"@type\":\"BreadcrumbList\",\"@id\":\"https:\\\/\\\/www.laboiteaconcepts.com\\\/index.php\\\/en\\\/our_offers\\\/#breadcrumb\",\"itemListElement\":[{\"@type\":\"ListItem\",\"position\":1,\"name\":\"Accueil\",\"item\":\"https:\\\/\\\/www.laboiteaconcepts.com\\\/\"},{\"@type\":\"ListItem\",\"position\":2,\"name\":\"Our offers\"}]},{\"@type\":\"WebSite\",\"@id\":\"https:\\\/\\\/www.laboiteaconcepts.com\\\/#website\",\"url\":\"https:\\\/\\\/www.laboiteaconcepts.com\\\/\",\"name\":\"La Bo\u00eete \u00e0 Concepts\",\"description\":\"Innovations that ease your World\",\"publisher\":{\"@id\":\"https:\\\/\\\/www.laboiteaconcepts.com\\\/#organization\"},\"potentialAction\":[{\"@type\":\"SearchAction\",\"target\":{\"@type\":\"EntryPoint\",\"urlTemplate\":\"https:\\\/\\\/www.laboiteaconcepts.com\\\/?s={search_term_string}\"},\"query-input\":{\"@type\":\"PropertyValueSpecification\",\"valueRequired\":true,\"valueName\":\"search_term_string\"}}],\"inLanguage\":\"fr-FR\"},{\"@type\":\"Organization\",\"@id\":\"https:\\\/\\\/www.laboiteaconcepts.com\\\/#organization\",\"name\":\"La Bo\u00eete \u00e0 Concepts\",\"url\":\"https:\\\/\\\/www.laboiteaconcepts.com\\\/\",\"logo\":{\"@type\":\"ImageObject\",\"inLanguage\":\"fr-FR\",\"@id\":\"https:\\\/\\\/www.laboiteaconcepts.com\\\/#\\\/schema\\\/logo\\\/image\\\/\",\"url\":\"https:\\\/\\\/www.laboiteaconcepts.com\\\/wp-content\\\/uploads\\\/2017\\\/01\\\/Logo-La-Bo\u00eete-\u00e0-Concepts-1.jpg\",\"contentUrl\":\"https:\\\/\\\/www.laboiteaconcepts.com\\\/wp-content\\\/uploads\\\/2017\\\/01\\\/Logo-La-Bo\u00eete-\u00e0-Concepts-1.jpg\",\"width\":228,\"height\":221,\"caption\":\"La Bo\u00eete \u00e0 Concepts\"},\"image\":{\"@id\":\"https:\\\/\\\/www.laboiteaconcepts.com\\\/#\\\/schema\\\/logo\\\/image\\\/\"},\"sameAs\":[\"https:\\\/\\\/x.com\\\/BoiteAConcepts\"]}]}<\/script>\n<!-- \/ Yoast SEO plugin. -->","yoast_head_json":{"title":"Our offers | La Bo\u00eete \u00e0 Concepts","robots":{"index":"index","follow":"follow","max-snippet":"max-snippet:-1","max-image-preview":"max-image-preview:large","max-video-preview":"max-video-preview:-1"},"canonical":"https:\/\/www.laboiteaconcepts.com\/index.php\/en\/our_offers\/","og_locale":"fr_FR","og_type":"article","og_title":"Our offers | La Bo\u00eete \u00e0 Concepts","og_description":"Your IT Systems Deserve to be Atypik !","og_url":"https:\/\/www.laboiteaconcepts.com\/index.php\/en\/our_offers\/","og_site_name":"La Bo\u00eete \u00e0 Concepts","article_modified_time":"2025-12-19T15:40:36+00:00","og_image":[{"width":1920,"height":1391,"url":"https:\/\/www.laboiteaconcepts.com\/wp-content\/uploads\/2016\/12\/Perspective.jpg","type":"image\/jpeg"}],"twitter_card":"summary_large_image","twitter_site":"@BoiteAConcepts","twitter_misc":{"Dur\u00e9e de lecture estim\u00e9e":"1 minute"},"schema":{"@context":"https:\/\/schema.org","@graph":[{"@type":"WebPage","@id":"https:\/\/www.laboiteaconcepts.com\/index.php\/en\/our_offers\/","url":"https:\/\/www.laboiteaconcepts.com\/index.php\/en\/our_offers\/","name":"Our offers | La Bo\u00eete \u00e0 Concepts","isPartOf":{"@id":"https:\/\/www.laboiteaconcepts.com\/#website"},"primaryImageOfPage":{"@id":"https:\/\/www.laboiteaconcepts.com\/index.php\/en\/our_offers\/#primaryimage"},"image":{"@id":"https:\/\/www.laboiteaconcepts.com\/index.php\/en\/our_offers\/#primaryimage"},"thumbnailUrl":"https:\/\/www.laboiteaconcepts.com\/wp-content\/uploads\/2016\/12\/Perspective.jpg","datePublished":"2017-01-16T18:36:21+00:00","dateModified":"2025-12-19T15:40:36+00:00","breadcrumb":{"@id":"https:\/\/www.laboiteaconcepts.com\/index.php\/en\/our_offers\/#breadcrumb"},"inLanguage":"fr-FR","potentialAction":[{"@type":"ReadAction","target":["https:\/\/www.laboiteaconcepts.com\/index.php\/en\/our_offers\/"]}]},{"@type":"ImageObject","inLanguage":"fr-FR","@id":"https:\/\/www.laboiteaconcepts.com\/index.php\/en\/our_offers\/#primaryimage","url":"https:\/\/www.laboiteaconcepts.com\/wp-content\/uploads\/2016\/12\/Perspective.jpg","contentUrl":"https:\/\/www.laboiteaconcepts.com\/wp-content\/uploads\/2016\/12\/Perspective.jpg","width":1920,"height":1391},{"@type":"BreadcrumbList","@id":"https:\/\/www.laboiteaconcepts.com\/index.php\/en\/our_offers\/#breadcrumb","itemListElement":[{"@type":"ListItem","position":1,"name":"Accueil","item":"https:\/\/www.laboiteaconcepts.com\/"},{"@type":"ListItem","position":2,"name":"Our offers"}]},{"@type":"WebSite","@id":"https:\/\/www.laboiteaconcepts.com\/#website","url":"https:\/\/www.laboiteaconcepts.com\/","name":"La Bo\u00eete \u00e0 Concepts","description":"Innovations that ease your World","publisher":{"@id":"https:\/\/www.laboiteaconcepts.com\/#organization"},"potentialAction":[{"@type":"SearchAction","target":{"@type":"EntryPoint","urlTemplate":"https:\/\/www.laboiteaconcepts.com\/?s={search_term_string}"},"query-input":{"@type":"PropertyValueSpecification","valueRequired":true,"valueName":"search_term_string"}}],"inLanguage":"fr-FR"},{"@type":"Organization","@id":"https:\/\/www.laboiteaconcepts.com\/#organization","name":"La Bo\u00eete \u00e0 Concepts","url":"https:\/\/www.laboiteaconcepts.com\/","logo":{"@type":"ImageObject","inLanguage":"fr-FR","@id":"https:\/\/www.laboiteaconcepts.com\/#\/schema\/logo\/image\/","url":"https:\/\/www.laboiteaconcepts.com\/wp-content\/uploads\/2017\/01\/Logo-La-Bo\u00eete-\u00e0-Concepts-1.jpg","contentUrl":"https:\/\/www.laboiteaconcepts.com\/wp-content\/uploads\/2017\/01\/Logo-La-Bo\u00eete-\u00e0-Concepts-1.jpg","width":228,"height":221,"caption":"La Bo\u00eete \u00e0 Concepts"},"image":{"@id":"https:\/\/www.laboiteaconcepts.com\/#\/schema\/logo\/image\/"},"sameAs":["https:\/\/x.com\/BoiteAConcepts"]}]}},"_links":{"self":[{"href":"https:\/\/www.laboiteaconcepts.com\/index.php\/wp-json\/wp\/v2\/pages\/235","targetHints":{"allow":["GET"]}}],"collection":[{"href":"https:\/\/www.laboiteaconcepts.com\/index.php\/wp-json\/wp\/v2\/pages"}],"about":[{"href":"https:\/\/www.laboiteaconcepts.com\/index.php\/wp-json\/wp\/v2\/types\/page"}],"author":[{"embeddable":true,"href":"https:\/\/www.laboiteaconcepts.com\/index.php\/wp-json\/wp\/v2\/users\/1"}],"replies":[{"embeddable":true,"href":"https:\/\/www.laboiteaconcepts.com\/index.php\/wp-json\/wp\/v2\/comments?post=235"}],"version-history":[{"count":18,"href":"https:\/\/www.laboiteaconcepts.com\/index.php\/wp-json\/wp\/v2\/pages\/235\/revisions"}],"predecessor-version":[{"id":43605,"href":"https:\/\/www.laboiteaconcepts.com\/index.php\/wp-json\/wp\/v2\/pages\/235\/revisions\/43605"}],"wp:featuredmedia":[{"embeddable":true,"href":"https:\/\/www.laboiteaconcepts.com\/index.php\/wp-json\/wp\/v2\/media\/118"}],"wp:attachment":[{"href":"https:\/\/www.laboiteaconcepts.com\/index.php\/wp-json\/wp\/v2\/media?parent=235"}],"curies":[{"name":"wp","href":"https:\/\/api.w.org\/{rel}","templated":true}]}}