{"id":43570,"date":"2025-12-17T18:23:54","date_gmt":"2025-12-17T17:23:54","guid":{"rendered":"https:\/\/www.laboiteaconcepts.com\/?page_id=43570"},"modified":"2025-12-19T17:04:00","modified_gmt":"2025-12-19T16:04:00","slug":"expertise-et-recrutement-it-vos-si-meritent-detre-atypik","status":"publish","type":"page","link":"https:\/\/www.laboiteaconcepts.com\/index.php\/expertise-et-recrutement-it-vos-si-meritent-detre-atypik\/","title":{"rendered":"Vos SI M\u00e9ritent d&rsquo;\u00eatre Atypik !"},"content":{"rendered":"\n<p>Nos activit\u00e9s sont d\u00e9di\u00e9es \u00e0 am\u00e9liorer la performance et la rentabilit\u00e9 de vos SI, qui peuvent freiner vos d\u00e9veloppements pour de mauvaises raisons (dette technique, mauvais traitement des besoins m\u00e9tiers, manque d&rsquo;innovation&#8230;).<\/p>\n\n\n\n<p class=\"has-black-color has-text-color has-link-color wp-elements-371c12d83a42667e9a9f901b07d53ec2\"><strong>Nous intervenons pour cela autour de 3 axes :<\/strong><\/p>\n\n\n\n<ul class=\"wp-block-list\">\n<li class=\"has-luminous-vivid-orange-color has-text-color has-link-color wp-elements-5bfd0a93a3b8d03d9d1e476bc4a1a559\"><strong>Le Repositionnement de DSI <\/strong>: <\/li>\n<\/ul>\n\n\n\n<p>Recrutement, par Approche Directe et 100% au Sucess Fee :<\/p>\n\n\n\n<p>&#8211; D&rsquo;un nouveau DSI et\/ou de ses N-1 ; <\/p>\n\n\n\n<p>&#8211; Des Talents de l\u2019IT dans les domaines les plus en tension : Chefs de Projet Technico-Fonctionnels (SAP, M3&#8230;) , Chefs de Projet Omnicanal, RSSI&#8230;<\/p>\n\n\n\n<ul class=\"wp-block-list\">\n<li class=\"has-luminous-vivid-orange-color has-text-color has-link-color wp-elements-d13a244adab3e5cae8d4b8142c10a18a\"><strong>La Conduite de Projets IT Structurants<\/strong>, <strong>en prestation de service :<\/strong><\/li>\n<\/ul>\n\n\n\n<p>&#8211; Migration de SAP ECC6 vers S\/4HANA, Migration de MOVEX vers M3 ; <\/p>\n\n\n\n<p>&#8211; Mise en Place de la Facturation Electronique dans les contraintes l\u00e9gales (deadline en Septembre 2026) ; <\/p>\n\n\n\n<p>&#8211; Changement d&rsquo;H\u00e9bergeur de site E-Commerce, Replatforming ; <\/p>\n\n\n\n<p>&#8211; Missions en Expertise Technico-Fonctionnelle ERP (SAP, M3,&#8230;), en Architecture et Solutions Web dans des Roadmaps exigeantes.<\/p>\n\n\n\n<ul class=\"wp-block-list\">\n<li class=\"has-luminous-vivid-orange-color has-text-color has-link-color wp-elements-4a93ba2f86afed84147826f0a64bc457\"><strong>L&rsquo;Innovation :<\/strong><\/li>\n<\/ul>\n\n\n\n<p>Cr\u00e9ation de nouveaux Concepts : services, produits, plateformes ou fonctionnalit\u00e9s digitales pour vous aider \u00e0 R\u00e9inventer votre Secteur et \u00e0 d\u00e9velopper de nouveaux leviers de croissance.<\/p>\n\n\n\n<p>Nous cr\u00e9ons et exploitons \u00e9galement nos propres Concepts pour d\u00e9velopper des Projets Soci\u00e9taux, qui nous tiennent \u00e0 c\u0153ur. <\/p>\n\n\n\n<p><strong>Vos Recrutements &amp; Vos Prestations m\u00e9ritent d&rsquo;\u00eatre&nbsp;Atypik !<\/strong><\/p>\n\n\n\n<p>Atypik vous permet de pourvoir vos recherches de nouveaux collaborateurs en CDI, mais aussi de vous adjoindre, en prestation de services, les comp\u00e9tences des Talents les plus reconnus du march\u00e9, pour r\u00e9pondre \u00e0 vos besoins d&rsquo;expertise.<\/p>\n\n\n\n<p>Si la plupart des recrutements de salari\u00e9s ou de prestataires se font par association de l&rsquo;exp\u00e9rience acquise avec celle requise, Atypik propose une approche o\u00f9 la personnalit\u00e9, les inclinations et les aptitudes naturelles font jeu \u00e9gal avec les comp\u00e9tences.<\/p>\n\n\n\n<p class=\"has-luminous-vivid-orange-color has-text-color has-link-color wp-elements-91c4ee2bb23bafa3aa7e2c11e09bf0a1\"><strong>Vous recherchez des collaborateurs p\u00e9tillants, qui sauront&nbsp;rayonner dans votre structure ? Vous \u00eates au bon endroit !<\/strong><\/p>\n\n\n\n<p>Avant de ressembler \u00e0 une fiche de poste, nos candidats ressemblent \u00e0 votre entreprise.<\/p>\n\n\n\n<p>Nous recherchons, par approche directe, des professionnels reconnus, poss\u00e9dant \u00ab\u00a0le petit truc en plus\u00a0\u00bb qui fait toute la diff\u00e9rence, afin de vous aider \u00e0 pourvoir les postes les plus en tension.&nbsp;<\/p>\n\n\n\n<p>Nous entretenons avec nos clients comme avec nos candidats des rapports de confiance et de loyaut\u00e9, o\u00f9 la transparence et la v\u00e9rit\u00e9, m\u00eame crues, sont les premiers garants du respect mutuel et de la construction.<\/p>\n\n\n\n<p>Chaque client comme chaque candidat n&rsquo;est suivi&nbsp;que par un seul consultant r\u00e9f\u00e9rent&nbsp;de qui il&nbsp;obtiendra, en toute circonstance, bienveillance, conseil proactif et anticipation de ses attentes.<\/p>\n\n\n\n<p><strong>Un Positionnement et une Efficacit\u00e9 tr\u00e8s Diff\u00e9renciants sur le March\u00e9<\/strong><\/p>\n\n\n\n<p class=\"has-luminous-vivid-orange-color has-text-color has-link-color wp-elements-c1efa1c2df7f5da7426ebc3c87ce5327\"><strong>Nos activit\u00e9s compl\u00e9mentaires d&rsquo;ESN et de Cabinet de Recrutement IT, nous permettent d&rsquo;avoir une approche Sur-Mesure :<\/strong><\/p>\n\n\n\n<ul class=\"wp-block-list\">\n<li>avec une pertinence dans nos ad\u00e9quations technico-fonctionnelles,<\/li>\n\n\n\n<li>et une vraie sensibilit\u00e9 sur les qualit\u00e9s humaines, pour vous pr\u00e9senter le\/la candidat(e) qui saura s&rsquo;int\u00e9grer dans vos \u00e9quipes en apportant autant qu&rsquo;il\/elle re\u00e7oit.<\/li>\n<\/ul>\n\n\n\n<p class=\"has-luminous-vivid-orange-color has-text-color has-link-color wp-elements-5bb064d387a480a2bf19edd9e4dc81ca\"><strong>Nous ne pratiquons pas le one shot. Nous nous investissons dans la construction de vos \u00e9quipes, en appr\u00e9hendant, au fur et \u00e0 mesure de nos interventions :<\/strong><\/p>\n\n\n\n<ul class=\"wp-block-list\">\n<li>la composition de votre SI &amp; de votre roadmap, pour savoir en parler (presque) aussi bien que vous \u00e0 nos candidats, et qu&rsquo;ils puissent ainsi se projeter,<\/li>\n\n\n\n<li>la composition de vos \u00e9quipes, dans leurs forces, comme dans leurs besoins compl\u00e9mentaires, pour rechercher leurs futurs coll\u00e8gues qui sauront adjoindre des comp\u00e9tences \u00e0 forte valeur ajout\u00e9e pour le groupe.<\/li>\n<\/ul>\n\n\n\n<p>Nous ne pr\u00e9sentons pas de short list mais le\/la candidat(e) qui r\u00e9pond vraiment \u00e0 votre besoin et qui est susceptible de se r\u00e9aliser pleinement dans vos \u00e9quipes.<\/p>\n\n\n\n<p>Nous expliquons syst\u00e9matiquement nos refus, parce que nous faisons des Ressources Humaines.<\/p>\n\n\n\n<p>Si nos candidats s&rsquo;\u00e9panouissent chez nos clients, c&rsquo;est que nos missions ont \u00e9t\u00e9 remplies.<\/p>\n\n\n\n<p><a href=\"https:\/\/laboiteaconcepts.com\/index.php\/contact\/\"><strong>Faites-nous part de vos\u00a0projets !\u00a0<\/strong><\/a><\/p>\n","protected":false},"excerpt":{"rendered":"<p>Nos activit\u00e9s sont d\u00e9di\u00e9es \u00e0 am\u00e9liorer la performance et la rentabilit\u00e9 de vos SI, qui peuvent freiner vos d\u00e9veloppements pour de mauvaises raisons (dette technique, mauvais traitement des besoins m\u00e9tiers, manque d&rsquo;innovation&#8230;). Nous intervenons pour cela autour de 3 axes : Recrutement, par Approche Directe et 100% au Sucess Fee : &#8211; D&rsquo;un nouveau DSI &hellip; <\/p>\n<p class=\"link-more\"><a href=\"https:\/\/www.laboiteaconcepts.com\/index.php\/expertise-et-recrutement-it-vos-si-meritent-detre-atypik\/\" class=\"more-link\">Continuer la lecture<span class=\"screen-reader-text\"> de &laquo;&nbsp;Vos SI M\u00e9ritent d&rsquo;\u00eatre Atypik !&nbsp;&raquo;<\/span><\/a><\/p>\n","protected":false},"author":1,"featured_media":43571,"parent":0,"menu_order":0,"comment_status":"closed","ping_status":"closed","template":"","meta":{"_acf_changed":false,"_monsterinsights_skip_tracking":false,"_monsterinsights_sitenote_active":false,"_monsterinsights_sitenote_note":"","_monsterinsights_sitenote_category":0,"footnotes":""},"class_list":["post-43570","page","type-page","status-publish","has-post-thumbnail","hentry"],"acf":[],"yoast_head":"<!-- This site is optimized with the Yoast SEO plugin v27.5 - https:\/\/yoast.com\/product\/yoast-seo-wordpress\/ -->\n<title>Expertise et Recrutement IT, SAP, M3, Facturation Electronique, AI<\/title>\n<meta name=\"description\" content=\"Direction de Projets Structurants &amp; Expertise IT, Recrutement IT par Approche Directe au Success Fee , SAP ECC, S\/4HANA, M3, e-invoicing, AI\" \/>\n<meta name=\"robots\" content=\"index, follow, max-snippet:-1, max-image-preview:large, max-video-preview:-1\" \/>\n<link rel=\"canonical\" href=\"https:\/\/www.laboiteaconcepts.com\/index.php\/expertise-et-recrutement-it-vos-si-meritent-detre-atypik\/\" \/>\n<meta property=\"og:locale\" content=\"fr_FR\" \/>\n<meta property=\"og:type\" content=\"article\" \/>\n<meta property=\"og:title\" content=\"Expertise et Recrutement IT, SAP, M3, Facturation Electronique, AI\" \/>\n<meta property=\"og:description\" content=\"Direction de Projets Structurants &amp; Expertise IT, Recrutement IT par Approche Directe au Success Fee , SAP ECC, S\/4HANA, M3, e-invoicing, AI\" \/>\n<meta property=\"og:url\" content=\"https:\/\/www.laboiteaconcepts.com\/index.php\/expertise-et-recrutement-it-vos-si-meritent-detre-atypik\/\" \/>\n<meta property=\"og:site_name\" content=\"La Bo\u00eete \u00e0 Concepts\" \/>\n<meta property=\"article:modified_time\" content=\"2025-12-19T16:04:00+00:00\" \/>\n<meta property=\"og:image\" content=\"https:\/\/www.laboiteaconcepts.com\/wp-content\/uploads\/2025\/12\/Passez-au-Sur-Mesure-La-Boite-a-Concepts-Repositionnement-de-DSI-Expertise-IT-1024x624.png\" \/>\n\t<meta property=\"og:image:width\" content=\"1024\" \/>\n\t<meta property=\"og:image:height\" content=\"624\" \/>\n\t<meta property=\"og:image:type\" content=\"image\/png\" \/>\n<meta name=\"twitter:card\" content=\"summary_large_image\" \/>\n<meta name=\"twitter:site\" content=\"@BoiteAConcepts\" \/>\n<meta name=\"twitter:label1\" content=\"Dur\u00e9e de lecture estim\u00e9e\" \/>\n\t<meta name=\"twitter:data1\" content=\"4 minutes\" \/>\n<script type=\"application\/ld+json\" class=\"yoast-schema-graph\">{\"@context\":\"https:\\\/\\\/schema.org\",\"@graph\":[{\"@type\":\"WebPage\",\"@id\":\"https:\\\/\\\/www.laboiteaconcepts.com\\\/index.php\\\/expertise-et-recrutement-it-vos-si-meritent-detre-atypik\\\/\",\"url\":\"https:\\\/\\\/www.laboiteaconcepts.com\\\/index.php\\\/expertise-et-recrutement-it-vos-si-meritent-detre-atypik\\\/\",\"name\":\"Expertise et Recrutement IT, SAP, M3, Facturation Electronique, AI\",\"isPartOf\":{\"@id\":\"https:\\\/\\\/www.laboiteaconcepts.com\\\/#website\"},\"primaryImageOfPage\":{\"@id\":\"https:\\\/\\\/www.laboiteaconcepts.com\\\/index.php\\\/expertise-et-recrutement-it-vos-si-meritent-detre-atypik\\\/#primaryimage\"},\"image\":{\"@id\":\"https:\\\/\\\/www.laboiteaconcepts.com\\\/index.php\\\/expertise-et-recrutement-it-vos-si-meritent-detre-atypik\\\/#primaryimage\"},\"thumbnailUrl\":\"https:\\\/\\\/www.laboiteaconcepts.com\\\/wp-content\\\/uploads\\\/2025\\\/12\\\/Passez-au-Sur-Mesure-La-Boite-a-Concepts-Repositionnement-de-DSI-Expertise-IT-scaled.png\",\"datePublished\":\"2025-12-17T17:23:54+00:00\",\"dateModified\":\"2025-12-19T16:04:00+00:00\",\"description\":\"Direction de Projets Structurants & Expertise IT, Recrutement IT par Approche Directe au Success Fee , SAP ECC, S\\\/4HANA, M3, e-invoicing, AI\",\"breadcrumb\":{\"@id\":\"https:\\\/\\\/www.laboiteaconcepts.com\\\/index.php\\\/expertise-et-recrutement-it-vos-si-meritent-detre-atypik\\\/#breadcrumb\"},\"inLanguage\":\"fr-FR\",\"potentialAction\":[{\"@type\":\"ReadAction\",\"target\":[\"https:\\\/\\\/www.laboiteaconcepts.com\\\/index.php\\\/expertise-et-recrutement-it-vos-si-meritent-detre-atypik\\\/\"]}]},{\"@type\":\"ImageObject\",\"inLanguage\":\"fr-FR\",\"@id\":\"https:\\\/\\\/www.laboiteaconcepts.com\\\/index.php\\\/expertise-et-recrutement-it-vos-si-meritent-detre-atypik\\\/#primaryimage\",\"url\":\"https:\\\/\\\/www.laboiteaconcepts.com\\\/wp-content\\\/uploads\\\/2025\\\/12\\\/Passez-au-Sur-Mesure-La-Boite-a-Concepts-Repositionnement-de-DSI-Expertise-IT-scaled.png\",\"contentUrl\":\"https:\\\/\\\/www.laboiteaconcepts.com\\\/wp-content\\\/uploads\\\/2025\\\/12\\\/Passez-au-Sur-Mesure-La-Boite-a-Concepts-Repositionnement-de-DSI-Expertise-IT-scaled.png\",\"width\":2560,\"height\":1560,\"caption\":\"Marre du Pr\u00eat-\u00e0-Porter ? Passez au Sur-Mesure ! www.laboiteaconcepts.com\"},{\"@type\":\"BreadcrumbList\",\"@id\":\"https:\\\/\\\/www.laboiteaconcepts.com\\\/index.php\\\/expertise-et-recrutement-it-vos-si-meritent-detre-atypik\\\/#breadcrumb\",\"itemListElement\":[{\"@type\":\"ListItem\",\"position\":1,\"name\":\"Accueil\",\"item\":\"https:\\\/\\\/www.laboiteaconcepts.com\\\/\"},{\"@type\":\"ListItem\",\"position\":2,\"name\":\"Vos SI M\u00e9ritent d&rsquo;\u00eatre Atypik !\"}]},{\"@type\":\"WebSite\",\"@id\":\"https:\\\/\\\/www.laboiteaconcepts.com\\\/#website\",\"url\":\"https:\\\/\\\/www.laboiteaconcepts.com\\\/\",\"name\":\"La Bo\u00eete \u00e0 Concepts\",\"description\":\"Innovations that ease your World\",\"publisher\":{\"@id\":\"https:\\\/\\\/www.laboiteaconcepts.com\\\/#organization\"},\"potentialAction\":[{\"@type\":\"SearchAction\",\"target\":{\"@type\":\"EntryPoint\",\"urlTemplate\":\"https:\\\/\\\/www.laboiteaconcepts.com\\\/?s={search_term_string}\"},\"query-input\":{\"@type\":\"PropertyValueSpecification\",\"valueRequired\":true,\"valueName\":\"search_term_string\"}}],\"inLanguage\":\"fr-FR\"},{\"@type\":\"Organization\",\"@id\":\"https:\\\/\\\/www.laboiteaconcepts.com\\\/#organization\",\"name\":\"La Bo\u00eete \u00e0 Concepts\",\"url\":\"https:\\\/\\\/www.laboiteaconcepts.com\\\/\",\"logo\":{\"@type\":\"ImageObject\",\"inLanguage\":\"fr-FR\",\"@id\":\"https:\\\/\\\/www.laboiteaconcepts.com\\\/#\\\/schema\\\/logo\\\/image\\\/\",\"url\":\"https:\\\/\\\/www.laboiteaconcepts.com\\\/wp-content\\\/uploads\\\/2017\\\/01\\\/Logo-La-Bo\u00eete-\u00e0-Concepts-1.jpg\",\"contentUrl\":\"https:\\\/\\\/www.laboiteaconcepts.com\\\/wp-content\\\/uploads\\\/2017\\\/01\\\/Logo-La-Bo\u00eete-\u00e0-Concepts-1.jpg\",\"width\":228,\"height\":221,\"caption\":\"La Bo\u00eete \u00e0 Concepts\"},\"image\":{\"@id\":\"https:\\\/\\\/www.laboiteaconcepts.com\\\/#\\\/schema\\\/logo\\\/image\\\/\"},\"sameAs\":[\"https:\\\/\\\/x.com\\\/BoiteAConcepts\"]}]}<\/script>\n<!-- \/ Yoast SEO plugin. -->","yoast_head_json":{"title":"Expertise et Recrutement IT, SAP, M3, Facturation Electronique, AI","description":"Direction de Projets Structurants & Expertise IT, Recrutement IT par Approche Directe au Success Fee , SAP ECC, S\/4HANA, M3, e-invoicing, AI","robots":{"index":"index","follow":"follow","max-snippet":"max-snippet:-1","max-image-preview":"max-image-preview:large","max-video-preview":"max-video-preview:-1"},"canonical":"https:\/\/www.laboiteaconcepts.com\/index.php\/expertise-et-recrutement-it-vos-si-meritent-detre-atypik\/","og_locale":"fr_FR","og_type":"article","og_title":"Expertise et Recrutement IT, SAP, M3, Facturation Electronique, AI","og_description":"Direction de Projets Structurants & Expertise IT, Recrutement IT par Approche Directe au Success Fee , SAP ECC, S\/4HANA, M3, e-invoicing, AI","og_url":"https:\/\/www.laboiteaconcepts.com\/index.php\/expertise-et-recrutement-it-vos-si-meritent-detre-atypik\/","og_site_name":"La Bo\u00eete \u00e0 Concepts","article_modified_time":"2025-12-19T16:04:00+00:00","og_image":[{"width":1024,"height":624,"url":"https:\/\/www.laboiteaconcepts.com\/wp-content\/uploads\/2025\/12\/Passez-au-Sur-Mesure-La-Boite-a-Concepts-Repositionnement-de-DSI-Expertise-IT-1024x624.png","type":"image\/png"}],"twitter_card":"summary_large_image","twitter_site":"@BoiteAConcepts","twitter_misc":{"Dur\u00e9e de lecture estim\u00e9e":"4 minutes"},"schema":{"@context":"https:\/\/schema.org","@graph":[{"@type":"WebPage","@id":"https:\/\/www.laboiteaconcepts.com\/index.php\/expertise-et-recrutement-it-vos-si-meritent-detre-atypik\/","url":"https:\/\/www.laboiteaconcepts.com\/index.php\/expertise-et-recrutement-it-vos-si-meritent-detre-atypik\/","name":"Expertise et Recrutement IT, SAP, M3, Facturation Electronique, AI","isPartOf":{"@id":"https:\/\/www.laboiteaconcepts.com\/#website"},"primaryImageOfPage":{"@id":"https:\/\/www.laboiteaconcepts.com\/index.php\/expertise-et-recrutement-it-vos-si-meritent-detre-atypik\/#primaryimage"},"image":{"@id":"https:\/\/www.laboiteaconcepts.com\/index.php\/expertise-et-recrutement-it-vos-si-meritent-detre-atypik\/#primaryimage"},"thumbnailUrl":"https:\/\/www.laboiteaconcepts.com\/wp-content\/uploads\/2025\/12\/Passez-au-Sur-Mesure-La-Boite-a-Concepts-Repositionnement-de-DSI-Expertise-IT-scaled.png","datePublished":"2025-12-17T17:23:54+00:00","dateModified":"2025-12-19T16:04:00+00:00","description":"Direction de Projets Structurants & Expertise IT, Recrutement IT par Approche Directe au Success Fee , SAP ECC, S\/4HANA, M3, e-invoicing, AI","breadcrumb":{"@id":"https:\/\/www.laboiteaconcepts.com\/index.php\/expertise-et-recrutement-it-vos-si-meritent-detre-atypik\/#breadcrumb"},"inLanguage":"fr-FR","potentialAction":[{"@type":"ReadAction","target":["https:\/\/www.laboiteaconcepts.com\/index.php\/expertise-et-recrutement-it-vos-si-meritent-detre-atypik\/"]}]},{"@type":"ImageObject","inLanguage":"fr-FR","@id":"https:\/\/www.laboiteaconcepts.com\/index.php\/expertise-et-recrutement-it-vos-si-meritent-detre-atypik\/#primaryimage","url":"https:\/\/www.laboiteaconcepts.com\/wp-content\/uploads\/2025\/12\/Passez-au-Sur-Mesure-La-Boite-a-Concepts-Repositionnement-de-DSI-Expertise-IT-scaled.png","contentUrl":"https:\/\/www.laboiteaconcepts.com\/wp-content\/uploads\/2025\/12\/Passez-au-Sur-Mesure-La-Boite-a-Concepts-Repositionnement-de-DSI-Expertise-IT-scaled.png","width":2560,"height":1560,"caption":"Marre du Pr\u00eat-\u00e0-Porter ? Passez au Sur-Mesure ! www.laboiteaconcepts.com"},{"@type":"BreadcrumbList","@id":"https:\/\/www.laboiteaconcepts.com\/index.php\/expertise-et-recrutement-it-vos-si-meritent-detre-atypik\/#breadcrumb","itemListElement":[{"@type":"ListItem","position":1,"name":"Accueil","item":"https:\/\/www.laboiteaconcepts.com\/"},{"@type":"ListItem","position":2,"name":"Vos SI M\u00e9ritent d&rsquo;\u00eatre Atypik !"}]},{"@type":"WebSite","@id":"https:\/\/www.laboiteaconcepts.com\/#website","url":"https:\/\/www.laboiteaconcepts.com\/","name":"La Bo\u00eete \u00e0 Concepts","description":"Innovations that ease your World","publisher":{"@id":"https:\/\/www.laboiteaconcepts.com\/#organization"},"potentialAction":[{"@type":"SearchAction","target":{"@type":"EntryPoint","urlTemplate":"https:\/\/www.laboiteaconcepts.com\/?s={search_term_string}"},"query-input":{"@type":"PropertyValueSpecification","valueRequired":true,"valueName":"search_term_string"}}],"inLanguage":"fr-FR"},{"@type":"Organization","@id":"https:\/\/www.laboiteaconcepts.com\/#organization","name":"La Bo\u00eete \u00e0 Concepts","url":"https:\/\/www.laboiteaconcepts.com\/","logo":{"@type":"ImageObject","inLanguage":"fr-FR","@id":"https:\/\/www.laboiteaconcepts.com\/#\/schema\/logo\/image\/","url":"https:\/\/www.laboiteaconcepts.com\/wp-content\/uploads\/2017\/01\/Logo-La-Bo\u00eete-\u00e0-Concepts-1.jpg","contentUrl":"https:\/\/www.laboiteaconcepts.com\/wp-content\/uploads\/2017\/01\/Logo-La-Bo\u00eete-\u00e0-Concepts-1.jpg","width":228,"height":221,"caption":"La Bo\u00eete \u00e0 Concepts"},"image":{"@id":"https:\/\/www.laboiteaconcepts.com\/#\/schema\/logo\/image\/"},"sameAs":["https:\/\/x.com\/BoiteAConcepts"]}]}},"_links":{"self":[{"href":"https:\/\/www.laboiteaconcepts.com\/index.php\/wp-json\/wp\/v2\/pages\/43570","targetHints":{"allow":["GET"]}}],"collection":[{"href":"https:\/\/www.laboiteaconcepts.com\/index.php\/wp-json\/wp\/v2\/pages"}],"about":[{"href":"https:\/\/www.laboiteaconcepts.com\/index.php\/wp-json\/wp\/v2\/types\/page"}],"author":[{"embeddable":true,"href":"https:\/\/www.laboiteaconcepts.com\/index.php\/wp-json\/wp\/v2\/users\/1"}],"replies":[{"embeddable":true,"href":"https:\/\/www.laboiteaconcepts.com\/index.php\/wp-json\/wp\/v2\/comments?post=43570"}],"version-history":[{"count":8,"href":"https:\/\/www.laboiteaconcepts.com\/index.php\/wp-json\/wp\/v2\/pages\/43570\/revisions"}],"predecessor-version":[{"id":43583,"href":"https:\/\/www.laboiteaconcepts.com\/index.php\/wp-json\/wp\/v2\/pages\/43570\/revisions\/43583"}],"wp:featuredmedia":[{"embeddable":true,"href":"https:\/\/www.laboiteaconcepts.com\/index.php\/wp-json\/wp\/v2\/media\/43571"}],"wp:attachment":[{"href":"https:\/\/www.laboiteaconcepts.com\/index.php\/wp-json\/wp\/v2\/media?parent=43570"}],"curies":[{"name":"wp","href":"https:\/\/api.w.org\/{rel}","templated":true}]}}