{"id":668,"date":"2018-04-09T15:49:55","date_gmt":"2018-04-09T13:49:55","guid":{"rendered":"https:\/\/www.laboiteaconcepts.com\/?page_id=668"},"modified":"2018-04-10T12:14:41","modified_gmt":"2018-04-10T10:14:41","slug":"lancer-sa-start-up-4-regles-dor-pour-ne-plus-pivoter-comme-une-girouette","status":"publish","type":"page","link":"https:\/\/www.laboiteaconcepts.com\/index.php\/questions-dactu\/lancer-sa-start-up-4-regles-dor-pour-ne-plus-pivoter-comme-une-girouette\/","title":{"rendered":"Lancer sa Start-Up : 4 R\u00e8gles d\u2019Or pour ne plus Pivoter comme une Girouette."},"content":{"rendered":"<p style=\"text-align: justify;\">Consid\u00e9r\u00e9 comme une partie int\u00e9grante de l\u2019ADN de la Start-Up,\u00a0<a href=\"https:\/\/atelier.bnpparibas\/smart-city\/article\/pivot-etape-necessaire-startups\" target=\"_blank\" rel=\"nofollow noopener\"><strong>le pivot<\/strong>\u00a0<\/a>est la premi\u00e8re source de r\u00e9ussite des pionniers, tout autant que la premi\u00e8re source d\u2019\u00e9chec\u00a0!<\/p>\n<p style=\"text-align: justify;\"><strong>Pivoter co\u00fbte tr\u00e8s cher\u00a0:<\/strong>\u00a0en temps, en investissement financier, en perturbation du noyau applicatif \/ en maintenabilit\u00e9 de la solution.<\/p>\n<p style=\"text-align: justify;\">Et, tenez-vous bien, ce ne sont pas les startups qui ont invent\u00e9 ce proc\u00e9d\u00e9, mais bien leurs illustres a\u00een\u00e9es\u00a0!<\/p>\n<ul>\n<li style=\"text-align: justify;\"><strong>En 2015, 71% des Projets IT\u00a0\u00e9taient\u00a0en difficult\u00e9 ou en \u00e9chec d\u2019apr\u00e8s le\u00a0<\/strong><a href=\"http:\/\/blog.standishgroup.com\/post\/50\" target=\"_blank\" rel=\"nofollow noopener\"><strong>CHAOS Report du Standish Group<\/strong><\/a><strong>.<\/strong><\/li>\n<li style=\"text-align: justify;\">Toujours selon ses \u00e9tudes,<strong style=\"font-size: 1rem;\">\u00a0plus de 80% du surco\u00fbt d\u2019un projet provient d\u2019une mauvaise expression du besoin.<\/strong><\/li>\n<\/ul>\n<p style=\"text-align: justify;\">Les jeunes pousses ont donc suivi, avec des cons\u00e9quences autrement plus d\u00e9sastreuses du fait de leur fragilit\u00e9 financi\u00e8re.<\/p>\n<h1><span style=\"color: #ff9900;\"><em><strong>Se baser sur des validations et non sur des convictions.<\/strong><\/em><\/span><\/h1>\n<p>&nbsp;<\/p>\n<p style=\"text-align: justify;\">Avoir l\u2019id\u00e9e du si\u00e8cle est tr\u00e8s enthousiasmant\u00a0!\u00a0Encore faut-il s\u2019assurer qu\u2019elle le soit vraiment\u2026<\/p>\n<p style=\"text-align: justify;\"><strong>Il est donc essentiel, avant de se lancer dans l\u2019aventure\u00a0:<\/strong><\/p>\n<p style=\"text-align: justify;\"><strong>1)\u00a0\u00a0\u00a0\u00a0\u00a0\u00a0De valider\u00a0par\u00a0<\/strong><a href=\"https:\/\/www.laboiteaconcepts.com\/wp-content\/uploads\/2017\/03\/Pr%C3%A9sentation-du-360-Crash-Test-La-Bo%C3%AEte-%C3%A0-Concepts.pdf\" target=\"_blank\" rel=\"nofollow noopener\"><strong>une \u00e9tude 360\u00a0<\/strong><\/a><strong>:<\/strong><\/p>\n<ul>\n<li style=\"text-align: justify;\">Qu\u2019elle r\u00e9ponde bien \u00e0 un besoin r\u00e9el\u00a0ET insatisfait \u00e0 ce jour (<strong>benchmark m\u00e9tier et concurrence<\/strong>);<\/li>\n<li style=\"text-align: justify;\">Qu\u2019elle ouvre des perspectives de commercialisation importante (<strong>benchmark march\u00e9 \/ coh\u00e9rence du business model<\/strong>)\u00a0;<\/li>\n<li style=\"text-align: justify;\">Que son exploitation soit simple, plug &amp; play avec les habitudes, les outils et les contraintes des utilisateurs (<strong>\u00e9tude de faisabilit\u00e9<\/strong>)\u00a0&#8230;<\/li>\n<\/ul>\n<p style=\"text-align: justify;\"><strong>2)\u00a0\u00a0\u00a0\u00a0\u00a0De prototyper sa solution\u00a0:<\/strong><\/p>\n<ul>\n<li style=\"text-align: justify;\">Pour la confronter, en situation, \u00e0 ses utilisateurs\u00a0;<\/li>\n<li style=\"text-align: justify;\">Ajuster le design, les fonctionnalit\u00e9s, l\u2019ergonomie en fonction de leurs retours\u00a0;<\/li>\n<li style=\"text-align: justify;\">Engager ses premiers clients, m\u00eame sur une p\u00e9riode de test gratuit, en amont des premiers d\u00e9veloppements (si personne ne veut souscrire, c\u2019est, qu\u2019\u00e0 l\u2019\u00e9vidence, il y a un probl\u00e8me&#8230;.).<\/li>\n<\/ul>\n<h1><span style=\"color: #ff9900;\"><em><strong>Phaser son projet, structurer son financement, encha\u00eener les succ\u00e8s.<\/strong><\/em><\/span><\/h1>\n<p>&nbsp;<\/p>\n<p style=\"text-align: justify;\">La premi\u00e8re phase doit \u00eatre d\u00e9limit\u00e9e par les fonctionnalit\u00e9s minimales n\u00e9cessaires pour r\u00e9pondre simplement et directement au c\u0153ur de la probl\u00e9matique des utilisateurs.<\/p>\n<p style=\"text-align: justify;\"><strong>Elle doit \u00eatre adoss\u00e9e, comme chacune des autres phases\u00a0:<\/strong><\/p>\n<ul>\n<li style=\"text-align: justify;\"><a href=\"https:\/\/www.laboiteaconcepts.com\/index.php\/nos_offres\/reduction-couts-financement\/\" target=\"_blank\" rel=\"nofollow noopener\">\u00e0 un ou plusieurs v\u00e9hicules de financement adapt\u00e9s<\/a>,<\/li>\n<li style=\"text-align: justify;\">\u00e0 des objectifs de traction clairs\u00a0: nombres d\u2019utilisateurs, Chiffre d\u2019affaires g\u00e9n\u00e9r\u00e9,&#8230;<\/li>\n<\/ul>\n<p style=\"text-align: justify;\"><strong>C\u2019est en atteignant ces objectifs que la confiance de vos partenaires, comme de vos futurs partenaires, se forgera (associ\u00e9s, financiers,\u2026) et que leur soutien vous permettra de poursuivre et de grandir phase apr\u00e8s phase.<\/strong><\/p>\n<h1><span style=\"color: #ff9900;\"><em><strong>S\u2019entourer tr\u00e8s t\u00f4t.<\/strong><\/em><\/span><\/h1>\n<p>&nbsp;<\/p>\n<p style=\"text-align: justify;\">On ne r\u00e9ussit jamais seul.<\/p>\n<p style=\"text-align: justify;\">Savoir s\u2019entourer des bonnes comp\u00e9tences, compl\u00e9mentaires aux siennes, est la base de la cr\u00e9dibilit\u00e9 et de la r\u00e9ussite d\u2019un projet.<\/p>\n<p style=\"text-align: justify;\">Si votre \u00e9quipe n\u2019a pas encore de track record dans votre domaine, il est fortement recommand\u00e9 de la consolider via un board d\u2019advisors de renom, qui vous apporteront leurs comp\u00e9tences m\u00e9tiers, leurs r\u00e9seaux, et \u00e9videmment, leurs r\u00e9putations.<\/p>\n<p style=\"text-align: justify;\">Savoir int\u00e9resser au capital ces personnalit\u00e9s, si vous ne pouvez pas r\u00e9mun\u00e9rer leurs interventions, est loin d\u2019\u00eatre un mauvais calcul.<\/p>\n<p style=\"text-align: justify;\">La tendance de fond du march\u00e9 est aujourd\u2019hui \u00e0 l\u2019accompagnement actif, de plus en plus syst\u00e9matique, des entreprises qui l\u00e8vent des fonds \/ des subventions, pour leur permettre de cadrer leur d\u00e9veloppement, d\u2019\u00e9viter les erreurs r\u00e9currentes que la plupart des entrepreneurs exp\u00e9rimentent dans leur parcours,&#8230;<\/p>\n<p style=\"text-align: justify;\">Toujours \u00e0 l\u2019avant-garde,\u00a0<a href=\"http:\/\/www.bpifrance.fr\/Toutes-nos-solutions\/Accompagnement\/Conseil\/Initiative-Conseil\" target=\"_blank\" rel=\"nofollow noopener\">Bpifrance a ainsi mis en place des accords avec des cabinets de conseil pour \u00ab\u00a0mentorer\u00a0\u00bb ses clients et ses participations<\/a>\u00a0et\u00a0<a href=\"http:\/\/www.lefigaro.fr\/entrepreneur\/2016\/02\/24\/09007-20160224ARTFIG00069-les-pme-se-mettent-a-l-ecole-de-bpifrance.php\" target=\"_blank\" rel=\"nofollow noopener\">un programme d&rsquo;Acc\u00e9l\u00e9ration visant \u00e0 aider les PME \u00e0 devenir des ETI<\/a>.<\/p>\n<p style=\"text-align: justify;\">Elle incite \u00e9galement, aux c\u00f4t\u00e9s de la ville de Paris, l\u2019incubation des startups, \u00e0 travers le dispositif de subvention\u00a0<a href=\"https:\/\/www.economie.gouv.fr\/entreprises\/financez-votre-projet-innovant-grace-a-paris-innovation-amorcage\" target=\"_blank\" rel=\"nofollow noopener\">Paris Innovation Amor\u00e7age<\/a>.<\/p>\n<h1><span style=\"color: #ff9900;\"><em><strong>Enfin, il est imp\u00e9ratif de d\u00e9finir les leviers cl\u00e9s de r\u00e9ussite du projet.<\/strong><\/em><\/span><\/h1>\n<p>&nbsp;<\/p>\n<p style=\"text-align: justify;\">Quelle que soit la qualit\u00e9 de votre solution, son succ\u00e8s repose aussi sur la capacit\u00e9 de mobiliser des partenariats, qui lui apporteront des services \u00e0 forte valeur ajout\u00e9e, des relais puissants de visibilit\u00e9, des gages de cr\u00e9dibilit\u00e9,\u2026<\/p>\n<p style=\"text-align: justify;\"><strong>F\u00e9d\u00e9rer ces partenaires, permet de s\u00e9curiser votre projet, tout en offrant au march\u00e9 votre vision structur\u00e9e, de l\u2019avenir que vous construisez.<\/strong><\/p>\n<hr \/>\n<p style=\"text-align: justify;\"><em>St\u00e9phane BAURBERG, CEO @\u00a0<\/em><a href=\"http:\/\/www.laboiteaconcepts.com\/\" target=\"_blank\" rel=\"nofollow noopener\"><em>La Bo\u00eete \u00e0 Concepts<\/em><\/a><em>\u00a0, Structure de Conseil qui accompagne les Grands Acteurs, et ceux en devenir, dans l&rsquo;<\/em><strong><em>Innovation<\/em><\/strong><em>, la\u00a0<\/em><strong><em>Structuration\u00a0<\/em><\/strong><em>et le\u00a0<\/em><strong><em>Financement\u00a0<\/em><\/strong><em>de leur\u00a0<\/em><strong><em>Plan Strat\u00e9gique<\/em><\/strong><em>.<\/em><\/p>\n","protected":false},"excerpt":{"rendered":"<p>Consid\u00e9r\u00e9 comme une partie int\u00e9grante de l\u2019ADN de la Start-Up,\u00a0le pivot\u00a0est la premi\u00e8re source de r\u00e9ussite des pionniers, tout autant que la premi\u00e8re source d\u2019\u00e9chec\u00a0! Pivoter co\u00fbte tr\u00e8s cher\u00a0:\u00a0en temps, en investissement financier, en perturbation du noyau applicatif \/ en maintenabilit\u00e9 de la solution. Et, tenez-vous bien, ce ne sont pas les startups qui ont &hellip; <\/p>\n<p class=\"link-more\"><a href=\"https:\/\/www.laboiteaconcepts.com\/index.php\/questions-dactu\/lancer-sa-start-up-4-regles-dor-pour-ne-plus-pivoter-comme-une-girouette\/\" class=\"more-link\">Continuer la lecture<span class=\"screen-reader-text\"> de &laquo;&nbsp;Lancer sa Start-Up : 4 R\u00e8gles d\u2019Or pour ne plus Pivoter comme une Girouette.&nbsp;&raquo;<\/span><\/a><\/p>\n","protected":false},"author":1,"featured_media":669,"parent":673,"menu_order":0,"comment_status":"closed","ping_status":"closed","template":"","meta":{"_acf_changed":false,"_monsterinsights_skip_tracking":false,"_monsterinsights_sitenote_active":false,"_monsterinsights_sitenote_note":"","_monsterinsights_sitenote_category":0,"footnotes":""},"class_list":["post-668","page","type-page","status-publish","has-post-thumbnail","hentry"],"acf":[],"yoast_head":"<!-- This site is optimized with the Yoast SEO plugin v27.5 - https:\/\/yoast.com\/product\/yoast-seo-wordpress\/ -->\n<title>Lancer sa Start-Up : 4 R\u00e8gles d\u2019Or pour ne plus Pivoter comme une Girouette. | La Bo\u00eete \u00e0 Concepts<\/title>\n<meta name=\"robots\" content=\"index, follow, max-snippet:-1, max-image-preview:large, max-video-preview:-1\" \/>\n<link rel=\"canonical\" href=\"https:\/\/www.laboiteaconcepts.com\/index.php\/questions-dactu\/lancer-sa-start-up-4-regles-dor-pour-ne-plus-pivoter-comme-une-girouette\/\" \/>\n<meta property=\"og:locale\" content=\"fr_FR\" \/>\n<meta property=\"og:type\" content=\"article\" \/>\n<meta property=\"og:title\" content=\"Lancer sa Start-Up : 4 R\u00e8gles d\u2019Or pour ne plus Pivoter comme une Girouette. | La Bo\u00eete \u00e0 Concepts\" \/>\n<meta property=\"og:description\" content=\"Consid\u00e9r\u00e9 comme une partie int\u00e9grante de l\u2019ADN de la Start-Up,\u00a0le pivot\u00a0est la premi\u00e8re source de r\u00e9ussite des pionniers, tout autant que la premi\u00e8re source d\u2019\u00e9chec\u00a0! Pivoter co\u00fbte tr\u00e8s cher\u00a0:\u00a0en temps, en investissement financier, en perturbation du noyau applicatif \/ en maintenabilit\u00e9 de la solution. Et, tenez-vous bien, ce ne sont pas les startups qui ont &hellip; Continuer la lecture de &laquo;&nbsp;Lancer sa Start-Up : 4 R\u00e8gles d\u2019Or pour ne plus Pivoter comme une Girouette.&nbsp;&raquo;\" \/>\n<meta property=\"og:url\" content=\"https:\/\/www.laboiteaconcepts.com\/index.php\/questions-dactu\/lancer-sa-start-up-4-regles-dor-pour-ne-plus-pivoter-comme-une-girouette\/\" \/>\n<meta property=\"og:site_name\" content=\"La Bo\u00eete \u00e0 Concepts\" \/>\n<meta property=\"article:modified_time\" content=\"2018-04-10T10:14:41+00:00\" \/>\n<meta property=\"og:image\" content=\"https:\/\/www.laboiteaconcepts.com\/wp-content\/uploads\/2018\/04\/Pivoter-3-1024x683.jpg\" \/>\n\t<meta property=\"og:image:width\" content=\"1024\" \/>\n\t<meta property=\"og:image:height\" content=\"683\" \/>\n\t<meta property=\"og:image:type\" content=\"image\/jpeg\" \/>\n<meta name=\"twitter:card\" content=\"summary_large_image\" \/>\n<meta name=\"twitter:site\" content=\"@BoiteAConcepts\" \/>\n<meta name=\"twitter:label1\" content=\"Dur\u00e9e de lecture estim\u00e9e\" \/>\n\t<meta name=\"twitter:data1\" content=\"4 minutes\" \/>\n<script type=\"application\/ld+json\" class=\"yoast-schema-graph\">{\"@context\":\"https:\\\/\\\/schema.org\",\"@graph\":[{\"@type\":\"WebPage\",\"@id\":\"https:\\\/\\\/www.laboiteaconcepts.com\\\/index.php\\\/questions-dactu\\\/lancer-sa-start-up-4-regles-dor-pour-ne-plus-pivoter-comme-une-girouette\\\/\",\"url\":\"https:\\\/\\\/www.laboiteaconcepts.com\\\/index.php\\\/questions-dactu\\\/lancer-sa-start-up-4-regles-dor-pour-ne-plus-pivoter-comme-une-girouette\\\/\",\"name\":\"Lancer sa Start-Up : 4 R\u00e8gles d\u2019Or pour ne plus Pivoter comme une Girouette. | La Bo\u00eete \u00e0 Concepts\",\"isPartOf\":{\"@id\":\"https:\\\/\\\/www.laboiteaconcepts.com\\\/#website\"},\"primaryImageOfPage\":{\"@id\":\"https:\\\/\\\/www.laboiteaconcepts.com\\\/index.php\\\/questions-dactu\\\/lancer-sa-start-up-4-regles-dor-pour-ne-plus-pivoter-comme-une-girouette\\\/#primaryimage\"},\"image\":{\"@id\":\"https:\\\/\\\/www.laboiteaconcepts.com\\\/index.php\\\/questions-dactu\\\/lancer-sa-start-up-4-regles-dor-pour-ne-plus-pivoter-comme-une-girouette\\\/#primaryimage\"},\"thumbnailUrl\":\"https:\\\/\\\/www.laboiteaconcepts.com\\\/wp-content\\\/uploads\\\/2018\\\/04\\\/Pivoter-3.jpg\",\"datePublished\":\"2018-04-09T13:49:55+00:00\",\"dateModified\":\"2018-04-10T10:14:41+00:00\",\"breadcrumb\":{\"@id\":\"https:\\\/\\\/www.laboiteaconcepts.com\\\/index.php\\\/questions-dactu\\\/lancer-sa-start-up-4-regles-dor-pour-ne-plus-pivoter-comme-une-girouette\\\/#breadcrumb\"},\"inLanguage\":\"fr-FR\",\"potentialAction\":[{\"@type\":\"ReadAction\",\"target\":[\"https:\\\/\\\/www.laboiteaconcepts.com\\\/index.php\\\/questions-dactu\\\/lancer-sa-start-up-4-regles-dor-pour-ne-plus-pivoter-comme-une-girouette\\\/\"]}]},{\"@type\":\"ImageObject\",\"inLanguage\":\"fr-FR\",\"@id\":\"https:\\\/\\\/www.laboiteaconcepts.com\\\/index.php\\\/questions-dactu\\\/lancer-sa-start-up-4-regles-dor-pour-ne-plus-pivoter-comme-une-girouette\\\/#primaryimage\",\"url\":\"https:\\\/\\\/www.laboiteaconcepts.com\\\/wp-content\\\/uploads\\\/2018\\\/04\\\/Pivoter-3.jpg\",\"contentUrl\":\"https:\\\/\\\/www.laboiteaconcepts.com\\\/wp-content\\\/uploads\\\/2018\\\/04\\\/Pivoter-3.jpg\",\"width\":5760,\"height\":3840,\"caption\":\"Lancer sa Start-Up : 4 R\u00e8gles d\u2019Or pour ne plus Pivoter comme une Girouette - La Bo\u00eete \u00e0 Concepts\"},{\"@type\":\"BreadcrumbList\",\"@id\":\"https:\\\/\\\/www.laboiteaconcepts.com\\\/index.php\\\/questions-dactu\\\/lancer-sa-start-up-4-regles-dor-pour-ne-plus-pivoter-comme-une-girouette\\\/#breadcrumb\",\"itemListElement\":[{\"@type\":\"ListItem\",\"position\":1,\"name\":\"Accueil\",\"item\":\"https:\\\/\\\/www.laboiteaconcepts.com\\\/\"},{\"@type\":\"ListItem\",\"position\":2,\"name\":\"Questions d&rsquo;Actu\",\"item\":\"https:\\\/\\\/www.laboiteaconcepts.com\\\/index.php\\\/questions-dactu\\\/\"},{\"@type\":\"ListItem\",\"position\":3,\"name\":\"Lancer sa Start-Up : 4 R\u00e8gles d\u2019Or pour ne plus Pivoter comme une Girouette.\"}]},{\"@type\":\"WebSite\",\"@id\":\"https:\\\/\\\/www.laboiteaconcepts.com\\\/#website\",\"url\":\"https:\\\/\\\/www.laboiteaconcepts.com\\\/\",\"name\":\"La Bo\u00eete \u00e0 Concepts\",\"description\":\"Innovations that ease your World\",\"publisher\":{\"@id\":\"https:\\\/\\\/www.laboiteaconcepts.com\\\/#organization\"},\"potentialAction\":[{\"@type\":\"SearchAction\",\"target\":{\"@type\":\"EntryPoint\",\"urlTemplate\":\"https:\\\/\\\/www.laboiteaconcepts.com\\\/?s={search_term_string}\"},\"query-input\":{\"@type\":\"PropertyValueSpecification\",\"valueRequired\":true,\"valueName\":\"search_term_string\"}}],\"inLanguage\":\"fr-FR\"},{\"@type\":\"Organization\",\"@id\":\"https:\\\/\\\/www.laboiteaconcepts.com\\\/#organization\",\"name\":\"La Bo\u00eete \u00e0 Concepts\",\"url\":\"https:\\\/\\\/www.laboiteaconcepts.com\\\/\",\"logo\":{\"@type\":\"ImageObject\",\"inLanguage\":\"fr-FR\",\"@id\":\"https:\\\/\\\/www.laboiteaconcepts.com\\\/#\\\/schema\\\/logo\\\/image\\\/\",\"url\":\"https:\\\/\\\/www.laboiteaconcepts.com\\\/wp-content\\\/uploads\\\/2017\\\/01\\\/Logo-La-Bo\u00eete-\u00e0-Concepts-1.jpg\",\"contentUrl\":\"https:\\\/\\\/www.laboiteaconcepts.com\\\/wp-content\\\/uploads\\\/2017\\\/01\\\/Logo-La-Bo\u00eete-\u00e0-Concepts-1.jpg\",\"width\":228,\"height\":221,\"caption\":\"La Bo\u00eete \u00e0 Concepts\"},\"image\":{\"@id\":\"https:\\\/\\\/www.laboiteaconcepts.com\\\/#\\\/schema\\\/logo\\\/image\\\/\"},\"sameAs\":[\"https:\\\/\\\/x.com\\\/BoiteAConcepts\"]}]}<\/script>\n<!-- \/ Yoast SEO plugin. -->","yoast_head_json":{"title":"Lancer sa Start-Up : 4 R\u00e8gles d\u2019Or pour ne plus Pivoter comme une Girouette. | La Bo\u00eete \u00e0 Concepts","robots":{"index":"index","follow":"follow","max-snippet":"max-snippet:-1","max-image-preview":"max-image-preview:large","max-video-preview":"max-video-preview:-1"},"canonical":"https:\/\/www.laboiteaconcepts.com\/index.php\/questions-dactu\/lancer-sa-start-up-4-regles-dor-pour-ne-plus-pivoter-comme-une-girouette\/","og_locale":"fr_FR","og_type":"article","og_title":"Lancer sa Start-Up : 4 R\u00e8gles d\u2019Or pour ne plus Pivoter comme une Girouette. | La Bo\u00eete \u00e0 Concepts","og_description":"Consid\u00e9r\u00e9 comme une partie int\u00e9grante de l\u2019ADN de la Start-Up,\u00a0le pivot\u00a0est la premi\u00e8re source de r\u00e9ussite des pionniers, tout autant que la premi\u00e8re source d\u2019\u00e9chec\u00a0! Pivoter co\u00fbte tr\u00e8s cher\u00a0:\u00a0en temps, en investissement financier, en perturbation du noyau applicatif \/ en maintenabilit\u00e9 de la solution. Et, tenez-vous bien, ce ne sont pas les startups qui ont &hellip; Continuer la lecture de &laquo;&nbsp;Lancer sa Start-Up : 4 R\u00e8gles d\u2019Or pour ne plus Pivoter comme une Girouette.&nbsp;&raquo;","og_url":"https:\/\/www.laboiteaconcepts.com\/index.php\/questions-dactu\/lancer-sa-start-up-4-regles-dor-pour-ne-plus-pivoter-comme-une-girouette\/","og_site_name":"La Bo\u00eete \u00e0 Concepts","article_modified_time":"2018-04-10T10:14:41+00:00","og_image":[{"width":1024,"height":683,"url":"https:\/\/www.laboiteaconcepts.com\/wp-content\/uploads\/2018\/04\/Pivoter-3-1024x683.jpg","type":"image\/jpeg"}],"twitter_card":"summary_large_image","twitter_site":"@BoiteAConcepts","twitter_misc":{"Dur\u00e9e de lecture estim\u00e9e":"4 minutes"},"schema":{"@context":"https:\/\/schema.org","@graph":[{"@type":"WebPage","@id":"https:\/\/www.laboiteaconcepts.com\/index.php\/questions-dactu\/lancer-sa-start-up-4-regles-dor-pour-ne-plus-pivoter-comme-une-girouette\/","url":"https:\/\/www.laboiteaconcepts.com\/index.php\/questions-dactu\/lancer-sa-start-up-4-regles-dor-pour-ne-plus-pivoter-comme-une-girouette\/","name":"Lancer sa Start-Up : 4 R\u00e8gles d\u2019Or pour ne plus Pivoter comme une Girouette. | La Bo\u00eete \u00e0 Concepts","isPartOf":{"@id":"https:\/\/www.laboiteaconcepts.com\/#website"},"primaryImageOfPage":{"@id":"https:\/\/www.laboiteaconcepts.com\/index.php\/questions-dactu\/lancer-sa-start-up-4-regles-dor-pour-ne-plus-pivoter-comme-une-girouette\/#primaryimage"},"image":{"@id":"https:\/\/www.laboiteaconcepts.com\/index.php\/questions-dactu\/lancer-sa-start-up-4-regles-dor-pour-ne-plus-pivoter-comme-une-girouette\/#primaryimage"},"thumbnailUrl":"https:\/\/www.laboiteaconcepts.com\/wp-content\/uploads\/2018\/04\/Pivoter-3.jpg","datePublished":"2018-04-09T13:49:55+00:00","dateModified":"2018-04-10T10:14:41+00:00","breadcrumb":{"@id":"https:\/\/www.laboiteaconcepts.com\/index.php\/questions-dactu\/lancer-sa-start-up-4-regles-dor-pour-ne-plus-pivoter-comme-une-girouette\/#breadcrumb"},"inLanguage":"fr-FR","potentialAction":[{"@type":"ReadAction","target":["https:\/\/www.laboiteaconcepts.com\/index.php\/questions-dactu\/lancer-sa-start-up-4-regles-dor-pour-ne-plus-pivoter-comme-une-girouette\/"]}]},{"@type":"ImageObject","inLanguage":"fr-FR","@id":"https:\/\/www.laboiteaconcepts.com\/index.php\/questions-dactu\/lancer-sa-start-up-4-regles-dor-pour-ne-plus-pivoter-comme-une-girouette\/#primaryimage","url":"https:\/\/www.laboiteaconcepts.com\/wp-content\/uploads\/2018\/04\/Pivoter-3.jpg","contentUrl":"https:\/\/www.laboiteaconcepts.com\/wp-content\/uploads\/2018\/04\/Pivoter-3.jpg","width":5760,"height":3840,"caption":"Lancer sa Start-Up : 4 R\u00e8gles d\u2019Or pour ne plus Pivoter comme une Girouette - La Bo\u00eete \u00e0 Concepts"},{"@type":"BreadcrumbList","@id":"https:\/\/www.laboiteaconcepts.com\/index.php\/questions-dactu\/lancer-sa-start-up-4-regles-dor-pour-ne-plus-pivoter-comme-une-girouette\/#breadcrumb","itemListElement":[{"@type":"ListItem","position":1,"name":"Accueil","item":"https:\/\/www.laboiteaconcepts.com\/"},{"@type":"ListItem","position":2,"name":"Questions d&rsquo;Actu","item":"https:\/\/www.laboiteaconcepts.com\/index.php\/questions-dactu\/"},{"@type":"ListItem","position":3,"name":"Lancer sa Start-Up : 4 R\u00e8gles d\u2019Or pour ne plus Pivoter comme une Girouette."}]},{"@type":"WebSite","@id":"https:\/\/www.laboiteaconcepts.com\/#website","url":"https:\/\/www.laboiteaconcepts.com\/","name":"La Bo\u00eete \u00e0 Concepts","description":"Innovations that ease your World","publisher":{"@id":"https:\/\/www.laboiteaconcepts.com\/#organization"},"potentialAction":[{"@type":"SearchAction","target":{"@type":"EntryPoint","urlTemplate":"https:\/\/www.laboiteaconcepts.com\/?s={search_term_string}"},"query-input":{"@type":"PropertyValueSpecification","valueRequired":true,"valueName":"search_term_string"}}],"inLanguage":"fr-FR"},{"@type":"Organization","@id":"https:\/\/www.laboiteaconcepts.com\/#organization","name":"La Bo\u00eete \u00e0 Concepts","url":"https:\/\/www.laboiteaconcepts.com\/","logo":{"@type":"ImageObject","inLanguage":"fr-FR","@id":"https:\/\/www.laboiteaconcepts.com\/#\/schema\/logo\/image\/","url":"https:\/\/www.laboiteaconcepts.com\/wp-content\/uploads\/2017\/01\/Logo-La-Bo\u00eete-\u00e0-Concepts-1.jpg","contentUrl":"https:\/\/www.laboiteaconcepts.com\/wp-content\/uploads\/2017\/01\/Logo-La-Bo\u00eete-\u00e0-Concepts-1.jpg","width":228,"height":221,"caption":"La Bo\u00eete \u00e0 Concepts"},"image":{"@id":"https:\/\/www.laboiteaconcepts.com\/#\/schema\/logo\/image\/"},"sameAs":["https:\/\/x.com\/BoiteAConcepts"]}]}},"_links":{"self":[{"href":"https:\/\/www.laboiteaconcepts.com\/index.php\/wp-json\/wp\/v2\/pages\/668","targetHints":{"allow":["GET"]}}],"collection":[{"href":"https:\/\/www.laboiteaconcepts.com\/index.php\/wp-json\/wp\/v2\/pages"}],"about":[{"href":"https:\/\/www.laboiteaconcepts.com\/index.php\/wp-json\/wp\/v2\/types\/page"}],"author":[{"embeddable":true,"href":"https:\/\/www.laboiteaconcepts.com\/index.php\/wp-json\/wp\/v2\/users\/1"}],"replies":[{"embeddable":true,"href":"https:\/\/www.laboiteaconcepts.com\/index.php\/wp-json\/wp\/v2\/comments?post=668"}],"version-history":[{"count":7,"href":"https:\/\/www.laboiteaconcepts.com\/index.php\/wp-json\/wp\/v2\/pages\/668\/revisions"}],"predecessor-version":[{"id":738,"href":"https:\/\/www.laboiteaconcepts.com\/index.php\/wp-json\/wp\/v2\/pages\/668\/revisions\/738"}],"up":[{"embeddable":true,"href":"https:\/\/www.laboiteaconcepts.com\/index.php\/wp-json\/wp\/v2\/pages\/673"}],"wp:featuredmedia":[{"embeddable":true,"href":"https:\/\/www.laboiteaconcepts.com\/index.php\/wp-json\/wp\/v2\/media\/669"}],"wp:attachment":[{"href":"https:\/\/www.laboiteaconcepts.com\/index.php\/wp-json\/wp\/v2\/media?parent=668"}],"curies":[{"name":"wp","href":"https:\/\/api.w.org\/{rel}","templated":true}]}}