{"id":687,"date":"2018-04-09T16:54:03","date_gmt":"2018-04-09T14:54:03","guid":{"rendered":"https:\/\/www.laboiteaconcepts.com\/?page_id=687"},"modified":"2018-04-10T12:15:23","modified_gmt":"2018-04-10T10:15:23","slug":"mais-qui-fait-encore-des-ressources-humaines-mon-bon-monsieur","status":"publish","type":"page","link":"https:\/\/www.laboiteaconcepts.com\/index.php\/questions-dactu\/mais-qui-fait-encore-des-ressources-humaines-mon-bon-monsieur\/","title":{"rendered":"Mais qui fait encore des Ressources Humaines mon bon Monsieur ?&#8230;"},"content":{"rendered":"<div id=\"ember14901\" class=\"ember-view\">\n<div class=\"reader-article-content\">\n<p style=\"text-align: justify;\">S\u2019il est un m\u00e9tier qui s\u2019est largement \u00e9loign\u00e9 de son propos initial, c\u2019est bien celui des RH.<\/p>\n<p style=\"text-align: justify;\">Certes, tout va aujourd\u2019hui plus vite et il faut r\u00e9pondre aux attentes des op\u00e9rationnels avec efficacit\u00e9.<\/p>\n<p style=\"text-align: justify;\">Mais n\u2019assiste-t-on pas \u00e0 l\u2019inverse\u00a0?<\/p>\n<p style=\"text-align: justify;\">La pr\u00e9cipitation et le manque de formation \u00e9clair\u00e9e n\u2019ont-ils pas ruin\u00e9 une g\u00e9n\u00e9ration de jeunes recruteurs qui ne feront peut-\u00eatre jamais vraiment de Ressources Humaines\u00a0?<\/p>\n<p style=\"text-align: justify;\">En tant que managers seniors, nous avons aujourd\u2019hui une responsabilit\u00e9 \u00e0 assumer de toute urgence\u00a0! Une trajectoire \u00e0 redresser sans faiblir\u00a0!<\/p>\n<h1 style=\"text-align: justify;\"><em><span style=\"color: #ff9900;\"><strong>La premi\u00e8re erreur que nous avons faite est de laisser croire que l\u2019exp\u00e9rience pr\u00e9valait sur l\u2019app\u00e9tence.<\/strong><\/span><\/em><\/h1>\n<p>&nbsp;<\/p>\n<p style=\"text-align: justify;\">Ce qui, j\u2019en conviens, permet de rationaliser, d\u2019industrialiser le job\u2026<\/p>\n<p style=\"text-align: justify;\">Nos recruteurs sont majoritairement devenus des machines \u00e0 matching, aid\u00e9es par des\u00a0<a href=\"https:\/\/www.linkhumans.fr\/choisir-ats-faire-recrutement\/\" target=\"_blank\" rel=\"nofollow noopener\">ATS<\/a>tr\u00e8s investis dans les rapports humains\u2026<\/p>\n<p style=\"text-align: justify;\">Ils passent leur vie \u00e0 \u00e9viter les Talents en devenir, et \u00e0 se battre avec leurs coll\u00e8gues sur un nombre de ressources limit\u00e9es.<\/p>\n<p style=\"text-align: justify;\">D\u2019aucuns opposeront le fait que les m\u00e9tiers techniques ne laissent pas le choix du type de candidat.<\/p>\n<p style=\"text-align: justify;\">Et bien m\u00eame l\u00e0, c\u2019est souvent un manque propre de technicit\u00e9 du recruteur qui biaise son jugement.<\/p>\n<p style=\"text-align: justify;\">En informatique et a fortiori dans les m\u00e9tiers artisanaux, la connexit\u00e9 des savoirs, les capacit\u00e9s d\u2019apprentissage, la culture de la transmission et enfin la soif de d\u00e9couverte restent les cl\u00e9s de la r\u00e9ussite pour la plupart des fonctionnels exp\u00e9riment\u00e9s.<\/p>\n<p style=\"text-align: justify;\">Dans les projets au forfait ou en\u00a0<a href=\"http:\/\/www.mydfi.fr\/avis-dexperts\/atg.html\" target=\"_blank\" rel=\"nofollow noopener\">ATG<\/a>, g\u00e9r\u00e9s par des op\u00e9rationnels du m\u00e9tier, on retrouvera ces valeurs appliqu\u00e9es au quotidien.<\/p>\n<p style=\"text-align: justify;\">Dans les projets en\u00a0<a href=\"https:\/\/fr.wikipedia.org\/wiki\/Contrat_en_r%C3%A9gie\" target=\"_blank\" rel=\"nofollow noopener\">Assistance Technique Unitaire<\/a>, plus nombreux et g\u00e9r\u00e9s par des commerciaux rarement tr\u00e8s techniques, l\u2019application de ces pr\u00e9ceptes restera marginale\u2026<\/p>\n<p style=\"text-align: justify;\">Vouloir absolument propulser des candidats ayant d\u00e9j\u00e0 une exp\u00e9rience similaire dans leur parcours est tout simplement absurde.<\/p>\n<p style=\"text-align: justify;\">Combien de fois aimeriez-vous revoir le m\u00eame film\u00a0? Quand bien m\u00eame vous l\u2019auriez vraiment aim\u00e9\u2026<\/p>\n<p style=\"text-align: justify;\">C\u2019est pourtant bien \u00e0 l\u2019\u00e9tape des tris de cv (2 \u00e0 3 secondes par cv, souvent pr\u00e9filtr\u00e9s par mots-cl\u00e9s) que le recruteur se privera de potentiels humains d\u2019exception pour l\u2019entreprise cliente, son \u00e9quipe, leur r\u00e9ussite\u2026<\/p>\n<p style=\"text-align: justify;\">Il est donc n\u00e9cessaire de revoir les usages en la mati\u00e8re, en mettant l\u2019accent sur les aptitudes intrins\u00e8ques des candidats, leurs ambitions, leurs inclinations, leurs capacit\u00e9s de projection dans le projet et dans l\u2019\u00e9quipe, leurs exp\u00e9riences de vie qui guideront in\u00e9vitablement leur engagement et leur implication.<\/p>\n<h1 style=\"text-align: justify;\"><em><span style=\"color: #ff9900;\"><strong>Le matching doit redevenir avant tout Humain, les mots-cl\u00e9s s\u2019\u00e9largir \u00e0 des notions connexes coh\u00e9rentes\u00a0!<\/strong><\/span><\/em><\/h1>\n<p>&nbsp;<\/p>\n<p style=\"text-align: justify;\">Les outils de mass recruitment sont donc aujourd\u2019hui largement obsol\u00e8tes, totalement inadapt\u00e9s.<\/p>\n<p style=\"text-align: justify;\">Des CEO aux Responsables d\u2019\u00e9quipes, la plupart des managers vous diront en off qu\u2019ils pr\u00e9f\u00e8rent quelqu\u2019un de loyal, qui aime son job et se bat pied \u00e0 pied pour son \u00e9quipe, en grimpant avec envie les marches qui lui manquent encore, \u00e0 quelqu\u2019un de plus exp\u00e9riment\u00e9 qui g\u00e8re son confort, y compris s\u2019il n\u2019a rien de sp\u00e9cial \u00e0 lui reprocher.<\/p>\n<p style=\"text-align: justify;\">En plus de vingt ans de carri\u00e8re, je suis rest\u00e9 marqu\u00e9 par le DG d\u2019une grande marque de pr\u00eat-\u00e0-porter, que j\u2019ai toujours la chance de compter parmi mes amis aujourd\u2019hui.<\/p>\n<p style=\"text-align: justify;\">Je sortais \u00e0 peine d\u2019\u00e9cole de commerce et il m\u2019avait re\u00e7u pour un poste de Responsable de R\u00e9gion. Il ne cherchait pas une exp\u00e9rience. Il cherchait un potentiel, un app\u00e9tit.<\/p>\n<p style=\"text-align: justify;\">J\u2019ai appris ensuite qu\u2019il lui arrivait de propulser des membres de la Direction d\u2019un m\u00e9tier \u00e0 un autre, juste pour voir\u2026 En fait, il les sortait de leur zone de confort parce qu\u2019il consid\u00e9rait que le challenge \u00e9tait le moment o\u00f9 ils se r\u00e9v\u00e9laient encore et encore.<\/p>\n<p style=\"text-align: justify;\">Il ne les mettait pas en risque\u2026 Il mettait plut\u00f4t en pratique toute la confiance qu&rsquo;il leur portait.<\/p>\n<p style=\"text-align: justify;\">D\u2019une entreprise familiale, il a fait un groupe multi-enseignes, avec des milliers de points de vente \u00e0 travers le monde.<\/p>\n<p style=\"text-align: justify;\">D\u2019apparence quelque peu bourru et un brin acide, ce mentor est un des rares que j\u2019ai vu faire des Ressources Humaines.<\/p>\n<p style=\"text-align: justify;\">Aujourd\u2019hui, on assiste plut\u00f4t \u00e0 l\u2019inverse.<\/p>\n<p style=\"text-align: justify;\">Les comportements sont doux et un brin ang\u00e9lique mais les recruteurs qui font des RH ne sont plus l\u00e9gion\u2026<\/p>\n<h1 style=\"text-align: justify;\"><em><span style=\"color: #ff9900;\"><strong>Nous avons clairement une Responsabilit\u00e9 vis-\u00e0-vis de la nouvelle g\u00e9n\u00e9ration.<\/strong><\/span><\/em><\/h1>\n<p>&nbsp;<\/p>\n<p style=\"text-align: justify;\">Les dirigeants doivent\u00a0:<\/p>\n<ul style=\"text-align: justify;\">\n<li>Revoir leurs outils pour identifier les potentiels sur ce qu\u2019ils sont, avant de s\u2019int\u00e9resser \u00e0 ce qu\u2019ils ont fait\u2026<\/li>\n<li>Laisser au recruteur la part de cr\u00e9ativit\u00e9 et de feeling pour pouvoir oser l\u2019Humain\u00a0!<\/li>\n<li>Offrir un parcours d\u2019int\u00e9gration non plus uniquement sur les m\u00e9thodes mais avant tout pour v\u00e9rifier le bon accueil, la bonne int\u00e9gration dans l\u2019\u00e9quipe.<\/li>\n<\/ul>\n<h1 style=\"text-align: justify;\"><em><span style=\"color: #ff9900;\"><strong>On a le droit de se tromper.<\/strong><\/span><\/em><\/h1>\n<p>&nbsp;<\/p>\n<p style=\"text-align: justify;\">La p\u00e9riode d\u2019essai est parfois courte pour juger des r\u00e9alisations mais elle ne trompe que rarement sur l\u2019engagement et l\u2019ad\u00e9quation dans le projet Humain commun.<\/p>\n<hr \/>\n<p style=\"text-align: justify;\"><em>St\u00e9phane BAURBERG, CEO @\u00a0<\/em><a href=\"http:\/\/www.laboiteaconcepts.com\/\" target=\"_blank\" rel=\"nofollow noopener\"><em>La Bo\u00eete \u00e0 Concepts<\/em><\/a><em>\u00a0, Structure de Conseil qui accompagne les Grands Acteurs, et ceux en devenir, dans l&rsquo;<\/em><strong><em>Innovation<\/em><\/strong><em>, la\u00a0<\/em><strong><em>Structuration\u00a0<\/em><\/strong><em>et le\u00a0<\/em><strong><em>Financement\u00a0<\/em><\/strong><em>de leur\u00a0<\/em><strong><em>Plan Strat\u00e9gique<\/em><\/strong><em>.<\/em>\u00a0Conseil en Recrutement de Talents\u00a0<a href=\"https:\/\/www.laboiteaconcepts.com\/index.php\/nos_offres\/atypik-recrutements-petillants\/\" target=\"_blank\" rel=\"nofollow noopener\">Atypik<\/a>\u00a0et <a href=\"https:\/\/www.laboiteaconcepts.com\/index.php\/executive-coaching-ameliorer-sa-performance-et-sa-visibilite\/\">coaching de cadres confirm\u00e9s<\/a>\u00a0.<\/p>\n<\/div>\n<\/div>\n<div class=\"reader-flag-content__wrapper mb4 clear-both\" style=\"text-align: justify;\" data-ember-action=\"\" data-ember-action-14902=\"14902\"><\/div>\n","protected":false},"excerpt":{"rendered":"<p>S\u2019il est un m\u00e9tier qui s\u2019est largement \u00e9loign\u00e9 de son propos initial, c\u2019est bien celui des RH. Certes, tout va aujourd\u2019hui plus vite et il faut r\u00e9pondre aux attentes des op\u00e9rationnels avec efficacit\u00e9. Mais n\u2019assiste-t-on pas \u00e0 l\u2019inverse\u00a0? La pr\u00e9cipitation et le manque de formation \u00e9clair\u00e9e n\u2019ont-ils pas ruin\u00e9 une g\u00e9n\u00e9ration de jeunes recruteurs qui &hellip; <\/p>\n<p class=\"link-more\"><a href=\"https:\/\/www.laboiteaconcepts.com\/index.php\/questions-dactu\/mais-qui-fait-encore-des-ressources-humaines-mon-bon-monsieur\/\" class=\"more-link\">Continuer la lecture<span class=\"screen-reader-text\"> de &laquo;&nbsp;Mais qui fait encore des Ressources Humaines mon bon Monsieur ?&#8230;&nbsp;&raquo;<\/span><\/a><\/p>\n","protected":false},"author":1,"featured_media":688,"parent":673,"menu_order":1,"comment_status":"closed","ping_status":"closed","template":"","meta":{"_acf_changed":false,"_monsterinsights_skip_tracking":false,"_monsterinsights_sitenote_active":false,"_monsterinsights_sitenote_note":"","_monsterinsights_sitenote_category":0,"footnotes":""},"class_list":["post-687","page","type-page","status-publish","has-post-thumbnail","hentry"],"acf":[],"yoast_head":"<!-- This site is optimized with the Yoast SEO plugin v27.3 - https:\/\/yoast.com\/product\/yoast-seo-wordpress\/ -->\n<title>Mais qui fait encore des Ressources Humaines mon bon Monsieur ?... | La Bo\u00eete \u00e0 Concepts<\/title>\n<meta name=\"robots\" content=\"index, follow, max-snippet:-1, max-image-preview:large, max-video-preview:-1\" \/>\n<link rel=\"canonical\" href=\"https:\/\/www.laboiteaconcepts.com\/index.php\/questions-dactu\/mais-qui-fait-encore-des-ressources-humaines-mon-bon-monsieur\/\" \/>\n<meta property=\"og:locale\" content=\"fr_FR\" \/>\n<meta property=\"og:type\" content=\"article\" \/>\n<meta property=\"og:title\" content=\"Mais qui fait encore des Ressources Humaines mon bon Monsieur ?... | La Bo\u00eete \u00e0 Concepts\" \/>\n<meta property=\"og:description\" content=\"S\u2019il est un m\u00e9tier qui s\u2019est largement \u00e9loign\u00e9 de son propos initial, c\u2019est bien celui des RH. Certes, tout va aujourd\u2019hui plus vite et il faut r\u00e9pondre aux attentes des op\u00e9rationnels avec efficacit\u00e9. Mais n\u2019assiste-t-on pas \u00e0 l\u2019inverse\u00a0? La pr\u00e9cipitation et le manque de formation \u00e9clair\u00e9e n\u2019ont-ils pas ruin\u00e9 une g\u00e9n\u00e9ration de jeunes recruteurs qui &hellip; Continuer la lecture de &laquo;&nbsp;Mais qui fait encore des Ressources Humaines mon bon Monsieur ?&#8230;&nbsp;&raquo;\" \/>\n<meta property=\"og:url\" content=\"https:\/\/www.laboiteaconcepts.com\/index.php\/questions-dactu\/mais-qui-fait-encore-des-ressources-humaines-mon-bon-monsieur\/\" \/>\n<meta property=\"og:site_name\" content=\"La Bo\u00eete \u00e0 Concepts\" \/>\n<meta property=\"article:modified_time\" content=\"2018-04-10T10:15:23+00:00\" \/>\n<meta property=\"og:image\" content=\"https:\/\/www.laboiteaconcepts.com\/wp-content\/uploads\/2018\/04\/384H-1024x683.jpg\" \/>\n\t<meta property=\"og:image:width\" content=\"1024\" \/>\n\t<meta property=\"og:image:height\" content=\"683\" \/>\n\t<meta property=\"og:image:type\" content=\"image\/jpeg\" \/>\n<meta name=\"twitter:card\" content=\"summary_large_image\" \/>\n<meta name=\"twitter:site\" content=\"@BoiteAConcepts\" \/>\n<meta name=\"twitter:label1\" content=\"Dur\u00e9e de lecture estim\u00e9e\" \/>\n\t<meta name=\"twitter:data1\" content=\"5 minutes\" \/>\n<script type=\"application\/ld+json\" class=\"yoast-schema-graph\">{\"@context\":\"https:\\\/\\\/schema.org\",\"@graph\":[{\"@type\":\"WebPage\",\"@id\":\"https:\\\/\\\/www.laboiteaconcepts.com\\\/index.php\\\/questions-dactu\\\/mais-qui-fait-encore-des-ressources-humaines-mon-bon-monsieur\\\/\",\"url\":\"https:\\\/\\\/www.laboiteaconcepts.com\\\/index.php\\\/questions-dactu\\\/mais-qui-fait-encore-des-ressources-humaines-mon-bon-monsieur\\\/\",\"name\":\"Mais qui fait encore des Ressources Humaines mon bon Monsieur ?... | La Bo\u00eete \u00e0 Concepts\",\"isPartOf\":{\"@id\":\"https:\\\/\\\/www.laboiteaconcepts.com\\\/#website\"},\"primaryImageOfPage\":{\"@id\":\"https:\\\/\\\/www.laboiteaconcepts.com\\\/index.php\\\/questions-dactu\\\/mais-qui-fait-encore-des-ressources-humaines-mon-bon-monsieur\\\/#primaryimage\"},\"image\":{\"@id\":\"https:\\\/\\\/www.laboiteaconcepts.com\\\/index.php\\\/questions-dactu\\\/mais-qui-fait-encore-des-ressources-humaines-mon-bon-monsieur\\\/#primaryimage\"},\"thumbnailUrl\":\"https:\\\/\\\/www.laboiteaconcepts.com\\\/wp-content\\\/uploads\\\/2018\\\/04\\\/384H.jpg\",\"datePublished\":\"2018-04-09T14:54:03+00:00\",\"dateModified\":\"2018-04-10T10:15:23+00:00\",\"breadcrumb\":{\"@id\":\"https:\\\/\\\/www.laboiteaconcepts.com\\\/index.php\\\/questions-dactu\\\/mais-qui-fait-encore-des-ressources-humaines-mon-bon-monsieur\\\/#breadcrumb\"},\"inLanguage\":\"fr-FR\",\"potentialAction\":[{\"@type\":\"ReadAction\",\"target\":[\"https:\\\/\\\/www.laboiteaconcepts.com\\\/index.php\\\/questions-dactu\\\/mais-qui-fait-encore-des-ressources-humaines-mon-bon-monsieur\\\/\"]}]},{\"@type\":\"ImageObject\",\"inLanguage\":\"fr-FR\",\"@id\":\"https:\\\/\\\/www.laboiteaconcepts.com\\\/index.php\\\/questions-dactu\\\/mais-qui-fait-encore-des-ressources-humaines-mon-bon-monsieur\\\/#primaryimage\",\"url\":\"https:\\\/\\\/www.laboiteaconcepts.com\\\/wp-content\\\/uploads\\\/2018\\\/04\\\/384H.jpg\",\"contentUrl\":\"https:\\\/\\\/www.laboiteaconcepts.com\\\/wp-content\\\/uploads\\\/2018\\\/04\\\/384H.jpg\",\"width\":4699,\"height\":3133},{\"@type\":\"BreadcrumbList\",\"@id\":\"https:\\\/\\\/www.laboiteaconcepts.com\\\/index.php\\\/questions-dactu\\\/mais-qui-fait-encore-des-ressources-humaines-mon-bon-monsieur\\\/#breadcrumb\",\"itemListElement\":[{\"@type\":\"ListItem\",\"position\":1,\"name\":\"Accueil\",\"item\":\"https:\\\/\\\/www.laboiteaconcepts.com\\\/\"},{\"@type\":\"ListItem\",\"position\":2,\"name\":\"Questions d&rsquo;Actu\",\"item\":\"https:\\\/\\\/www.laboiteaconcepts.com\\\/index.php\\\/questions-dactu\\\/\"},{\"@type\":\"ListItem\",\"position\":3,\"name\":\"Mais qui fait encore des Ressources Humaines mon bon Monsieur ?&#8230;\"}]},{\"@type\":\"WebSite\",\"@id\":\"https:\\\/\\\/www.laboiteaconcepts.com\\\/#website\",\"url\":\"https:\\\/\\\/www.laboiteaconcepts.com\\\/\",\"name\":\"La Bo\u00eete \u00e0 Concepts\",\"description\":\"Innovations that ease your World\",\"publisher\":{\"@id\":\"https:\\\/\\\/www.laboiteaconcepts.com\\\/#organization\"},\"potentialAction\":[{\"@type\":\"SearchAction\",\"target\":{\"@type\":\"EntryPoint\",\"urlTemplate\":\"https:\\\/\\\/www.laboiteaconcepts.com\\\/?s={search_term_string}\"},\"query-input\":{\"@type\":\"PropertyValueSpecification\",\"valueRequired\":true,\"valueName\":\"search_term_string\"}}],\"inLanguage\":\"fr-FR\"},{\"@type\":\"Organization\",\"@id\":\"https:\\\/\\\/www.laboiteaconcepts.com\\\/#organization\",\"name\":\"La Bo\u00eete \u00e0 Concepts\",\"url\":\"https:\\\/\\\/www.laboiteaconcepts.com\\\/\",\"logo\":{\"@type\":\"ImageObject\",\"inLanguage\":\"fr-FR\",\"@id\":\"https:\\\/\\\/www.laboiteaconcepts.com\\\/#\\\/schema\\\/logo\\\/image\\\/\",\"url\":\"https:\\\/\\\/www.laboiteaconcepts.com\\\/wp-content\\\/uploads\\\/2017\\\/01\\\/Logo-La-Bo\u00eete-\u00e0-Concepts-1.jpg\",\"contentUrl\":\"https:\\\/\\\/www.laboiteaconcepts.com\\\/wp-content\\\/uploads\\\/2017\\\/01\\\/Logo-La-Bo\u00eete-\u00e0-Concepts-1.jpg\",\"width\":228,\"height\":221,\"caption\":\"La Bo\u00eete \u00e0 Concepts\"},\"image\":{\"@id\":\"https:\\\/\\\/www.laboiteaconcepts.com\\\/#\\\/schema\\\/logo\\\/image\\\/\"},\"sameAs\":[\"https:\\\/\\\/x.com\\\/BoiteAConcepts\"]}]}<\/script>\n<!-- \/ Yoast SEO plugin. -->","yoast_head_json":{"title":"Mais qui fait encore des Ressources Humaines mon bon Monsieur ?... | La Bo\u00eete \u00e0 Concepts","robots":{"index":"index","follow":"follow","max-snippet":"max-snippet:-1","max-image-preview":"max-image-preview:large","max-video-preview":"max-video-preview:-1"},"canonical":"https:\/\/www.laboiteaconcepts.com\/index.php\/questions-dactu\/mais-qui-fait-encore-des-ressources-humaines-mon-bon-monsieur\/","og_locale":"fr_FR","og_type":"article","og_title":"Mais qui fait encore des Ressources Humaines mon bon Monsieur ?... | La Bo\u00eete \u00e0 Concepts","og_description":"S\u2019il est un m\u00e9tier qui s\u2019est largement \u00e9loign\u00e9 de son propos initial, c\u2019est bien celui des RH. Certes, tout va aujourd\u2019hui plus vite et il faut r\u00e9pondre aux attentes des op\u00e9rationnels avec efficacit\u00e9. Mais n\u2019assiste-t-on pas \u00e0 l\u2019inverse\u00a0? La pr\u00e9cipitation et le manque de formation \u00e9clair\u00e9e n\u2019ont-ils pas ruin\u00e9 une g\u00e9n\u00e9ration de jeunes recruteurs qui &hellip; Continuer la lecture de &laquo;&nbsp;Mais qui fait encore des Ressources Humaines mon bon Monsieur ?&#8230;&nbsp;&raquo;","og_url":"https:\/\/www.laboiteaconcepts.com\/index.php\/questions-dactu\/mais-qui-fait-encore-des-ressources-humaines-mon-bon-monsieur\/","og_site_name":"La Bo\u00eete \u00e0 Concepts","article_modified_time":"2018-04-10T10:15:23+00:00","og_image":[{"width":1024,"height":683,"url":"https:\/\/www.laboiteaconcepts.com\/wp-content\/uploads\/2018\/04\/384H-1024x683.jpg","type":"image\/jpeg"}],"twitter_card":"summary_large_image","twitter_site":"@BoiteAConcepts","twitter_misc":{"Dur\u00e9e de lecture estim\u00e9e":"5 minutes"},"schema":{"@context":"https:\/\/schema.org","@graph":[{"@type":"WebPage","@id":"https:\/\/www.laboiteaconcepts.com\/index.php\/questions-dactu\/mais-qui-fait-encore-des-ressources-humaines-mon-bon-monsieur\/","url":"https:\/\/www.laboiteaconcepts.com\/index.php\/questions-dactu\/mais-qui-fait-encore-des-ressources-humaines-mon-bon-monsieur\/","name":"Mais qui fait encore des Ressources Humaines mon bon Monsieur ?... | La Bo\u00eete \u00e0 Concepts","isPartOf":{"@id":"https:\/\/www.laboiteaconcepts.com\/#website"},"primaryImageOfPage":{"@id":"https:\/\/www.laboiteaconcepts.com\/index.php\/questions-dactu\/mais-qui-fait-encore-des-ressources-humaines-mon-bon-monsieur\/#primaryimage"},"image":{"@id":"https:\/\/www.laboiteaconcepts.com\/index.php\/questions-dactu\/mais-qui-fait-encore-des-ressources-humaines-mon-bon-monsieur\/#primaryimage"},"thumbnailUrl":"https:\/\/www.laboiteaconcepts.com\/wp-content\/uploads\/2018\/04\/384H.jpg","datePublished":"2018-04-09T14:54:03+00:00","dateModified":"2018-04-10T10:15:23+00:00","breadcrumb":{"@id":"https:\/\/www.laboiteaconcepts.com\/index.php\/questions-dactu\/mais-qui-fait-encore-des-ressources-humaines-mon-bon-monsieur\/#breadcrumb"},"inLanguage":"fr-FR","potentialAction":[{"@type":"ReadAction","target":["https:\/\/www.laboiteaconcepts.com\/index.php\/questions-dactu\/mais-qui-fait-encore-des-ressources-humaines-mon-bon-monsieur\/"]}]},{"@type":"ImageObject","inLanguage":"fr-FR","@id":"https:\/\/www.laboiteaconcepts.com\/index.php\/questions-dactu\/mais-qui-fait-encore-des-ressources-humaines-mon-bon-monsieur\/#primaryimage","url":"https:\/\/www.laboiteaconcepts.com\/wp-content\/uploads\/2018\/04\/384H.jpg","contentUrl":"https:\/\/www.laboiteaconcepts.com\/wp-content\/uploads\/2018\/04\/384H.jpg","width":4699,"height":3133},{"@type":"BreadcrumbList","@id":"https:\/\/www.laboiteaconcepts.com\/index.php\/questions-dactu\/mais-qui-fait-encore-des-ressources-humaines-mon-bon-monsieur\/#breadcrumb","itemListElement":[{"@type":"ListItem","position":1,"name":"Accueil","item":"https:\/\/www.laboiteaconcepts.com\/"},{"@type":"ListItem","position":2,"name":"Questions d&rsquo;Actu","item":"https:\/\/www.laboiteaconcepts.com\/index.php\/questions-dactu\/"},{"@type":"ListItem","position":3,"name":"Mais qui fait encore des Ressources Humaines mon bon Monsieur ?&#8230;"}]},{"@type":"WebSite","@id":"https:\/\/www.laboiteaconcepts.com\/#website","url":"https:\/\/www.laboiteaconcepts.com\/","name":"La Bo\u00eete \u00e0 Concepts","description":"Innovations that ease your World","publisher":{"@id":"https:\/\/www.laboiteaconcepts.com\/#organization"},"potentialAction":[{"@type":"SearchAction","target":{"@type":"EntryPoint","urlTemplate":"https:\/\/www.laboiteaconcepts.com\/?s={search_term_string}"},"query-input":{"@type":"PropertyValueSpecification","valueRequired":true,"valueName":"search_term_string"}}],"inLanguage":"fr-FR"},{"@type":"Organization","@id":"https:\/\/www.laboiteaconcepts.com\/#organization","name":"La Bo\u00eete \u00e0 Concepts","url":"https:\/\/www.laboiteaconcepts.com\/","logo":{"@type":"ImageObject","inLanguage":"fr-FR","@id":"https:\/\/www.laboiteaconcepts.com\/#\/schema\/logo\/image\/","url":"https:\/\/www.laboiteaconcepts.com\/wp-content\/uploads\/2017\/01\/Logo-La-Bo\u00eete-\u00e0-Concepts-1.jpg","contentUrl":"https:\/\/www.laboiteaconcepts.com\/wp-content\/uploads\/2017\/01\/Logo-La-Bo\u00eete-\u00e0-Concepts-1.jpg","width":228,"height":221,"caption":"La Bo\u00eete \u00e0 Concepts"},"image":{"@id":"https:\/\/www.laboiteaconcepts.com\/#\/schema\/logo\/image\/"},"sameAs":["https:\/\/x.com\/BoiteAConcepts"]}]}},"_links":{"self":[{"href":"https:\/\/www.laboiteaconcepts.com\/index.php\/wp-json\/wp\/v2\/pages\/687","targetHints":{"allow":["GET"]}}],"collection":[{"href":"https:\/\/www.laboiteaconcepts.com\/index.php\/wp-json\/wp\/v2\/pages"}],"about":[{"href":"https:\/\/www.laboiteaconcepts.com\/index.php\/wp-json\/wp\/v2\/types\/page"}],"author":[{"embeddable":true,"href":"https:\/\/www.laboiteaconcepts.com\/index.php\/wp-json\/wp\/v2\/users\/1"}],"replies":[{"embeddable":true,"href":"https:\/\/www.laboiteaconcepts.com\/index.php\/wp-json\/wp\/v2\/comments?post=687"}],"version-history":[{"count":5,"href":"https:\/\/www.laboiteaconcepts.com\/index.php\/wp-json\/wp\/v2\/pages\/687\/revisions"}],"predecessor-version":[{"id":739,"href":"https:\/\/www.laboiteaconcepts.com\/index.php\/wp-json\/wp\/v2\/pages\/687\/revisions\/739"}],"up":[{"embeddable":true,"href":"https:\/\/www.laboiteaconcepts.com\/index.php\/wp-json\/wp\/v2\/pages\/673"}],"wp:featuredmedia":[{"embeddable":true,"href":"https:\/\/www.laboiteaconcepts.com\/index.php\/wp-json\/wp\/v2\/media\/688"}],"wp:attachment":[{"href":"https:\/\/www.laboiteaconcepts.com\/index.php\/wp-json\/wp\/v2\/media?parent=687"}],"curies":[{"name":"wp","href":"https:\/\/api.w.org\/{rel}","templated":true}]}}