{"id":711,"date":"2018-04-09T17:34:04","date_gmt":"2018-04-09T15:34:04","guid":{"rendered":"https:\/\/www.laboiteaconcepts.com\/?page_id=711"},"modified":"2018-04-10T12:16:52","modified_gmt":"2018-04-10T10:16:52","slug":"preparez-vous-les-deputes-2-0-vont-debarquer","status":"publish","type":"page","link":"https:\/\/www.laboiteaconcepts.com\/index.php\/questions-dactu\/preparez-vous-les-deputes-2-0-vont-debarquer\/","title":{"rendered":"Pr\u00e9parez-vous, les d\u00e9put\u00e9s 2.0 vont d\u00e9barquer !"},"content":{"rendered":"<p style=\"text-align: justify;\">La premi\u00e8re victoire institutionnelle d\u2019<a href=\"https:\/\/fr.wikipedia.org\/wiki\/Emmanuel_Macron\" target=\"_blank\" rel=\"nofollow noopener\">Emmanuel Macron<\/a>\u00a0a \u00e9t\u00e9, sans nul doute, d\u2019avoir r\u00e9ussi \u00e0 faire exploser les partis traditionnels.<\/p>\n<p style=\"text-align: justify;\">Et que \u00e7a fait du bien ! La refondation politique sera \u00e9videmment port\u00e9e par de nouveaux Talents, qui n\u2019attendaient que cela pour imposer une vision moderne de leur engagement.<\/p>\n<h1 style=\"text-align: justify;\"><em><span style=\"color: #ff9900;\"><strong>Les \u00e9lections l\u00e9gislatives annoncent le deuxi\u00e8me coup de semonce\u00a0!<\/strong><\/span><\/em><\/h1>\n<p style=\"text-align: justify;\">La fonction de d\u00e9put\u00e9 a trop longtemps \u00e9t\u00e9 conduite comme une extension consanguine de celle du maire. Avec la\u00a0<a href=\"http:\/\/www.liberation.fr\/france\/2017\/03\/31\/cumul-des-mandats-c-est-la-fin-du-depute-maire_1558882\" target=\"_blank\" rel=\"nofollow noopener\">loi sur le non-cumul des mandats<\/a>, elle doit aujourd\u2019hui reprendre son sens premier.<\/p>\n<p style=\"text-align: justify;\">Non, le r\u00f4le du d\u00e9put\u00e9 n\u2019est pas local mais national\u00a0! Il porte d\u2019abord un projet Pr\u00e9sidentiel et vote les lois qui s\u2019imposeront \u00e0 tous\u00a0!<\/p>\n<p style=\"text-align: justify;\">Certes, il doit entendre les pr\u00e9occupations de sa\u00a0<a href=\"https:\/\/www.nosdeputes.fr\/circonscription\" target=\"_blank\" rel=\"nofollow noopener\">circonscription\u00a0<\/a>et porter assistance \u00e0 chaque administr\u00e9(e) avec d\u00e9vouement, mais toujours sous le prisme de l\u2019\u00e9quit\u00e9 et de l\u2019int\u00e9r\u00eat national dont il est le garant.<\/p>\n<p style=\"text-align: justify;\">Ainsi, ce qui choque \u00e0 la lecture des sites de candidats des partis traditionnels, c\u2019est la conduite d\u2019une argumentation purement locale. Elle viserait m\u00eame lorsqu\u2019elle critique\u00a0<a href=\"http:\/\/www.vie-publique.fr\/decouverte-institutions\/finances-publiques\/collectivites-territoriales\/ressources\/qu-est-ce-que-perequation.html\" target=\"_blank\" rel=\"nofollow noopener\">la p\u00e9r\u00e9quation<\/a>\u00a0\u00e0 d\u00e9fendre les \u00ab\u00a0int\u00e9r\u00eats\u00a0\u00bb de citoyens d\u2019une circonscription contre ceux des autres.<\/p>\n<p style=\"text-align: justify;\">Ce combat qui rappelle celui du second tour de la pr\u00e9sidentielle, tient \u00e0 une vision totalement biais\u00e9e du sens m\u00eame de la d\u00e9putation.<\/p>\n<p style=\"text-align: justify;\">Dans le bateau France, impossible de saborder un moteur au d\u00e9triment de l\u2019autre. Sinon, on tourne en rond\u2026 et \u00e7a fait des d\u00e9cennies que cela dure.<\/p>\n<p style=\"text-align: justify;\">Nos d\u00e9put\u00e9s devront d\u00e9sormais prendre de la hauteur et travailler ensemble pour construire une r\u00e9ussite collective\u00a0!<\/p>\n<p style=\"text-align: justify;\">C\u2019est le sens m\u00eame de l\u2019<a href=\"http:\/\/www.assemblee-nationale.fr\/\" target=\"_blank\" rel=\"nofollow noopener\">Assembl\u00e9e Nationale<\/a>\u00a0o\u00f9 le d\u00e9bat doit mener \u00e0 des lois qui assurent la p\u00e9rennit\u00e9 et la r\u00e9ussite de tous.<\/p>\n<p style=\"text-align: justify;\">Si l\u2019on parle de renouveau, on doit pouvoir le faire.<\/p>\n<p style=\"text-align: justify;\">Lorsqu\u2019un d\u00e9put\u00e9-maire renonce \u00e0 se pr\u00e9senter, une nouvelle figure doit \u00e9merger, pas son adjoint(e) qui restera son affid\u00e9(e) reconnaissant(e).<\/p>\n<p style=\"text-align: justify;\">Le d\u00e9cloisonnement de la vie politique est \u00e0 ce prix. Ceux qui ne l\u2019acceptent pas aujourd\u2019hui, seront ceux qui feront amende honorable sur les plateaux de t\u00e9l\u00e9visions demain. Evidemment, toute ressemblance avec des faits r\u00e9cents ne serait que pure co\u00efncidence\u2026<\/p>\n<h1 style=\"text-align: justify;\"><em><strong><span style=\"color: #ff9900;\">L\u2019Assembl\u00e9e Nationale, elle-m\u00eame, doit se conformer \u00e0 cette modernit\u00e9.<\/span><\/strong><\/em><\/h1>\n<p style=\"text-align: justify;\">Il est urgent qu\u2019elle se dote d\u2019une\u00a0<a href=\"https:\/\/fr.wikipedia.org\/wiki\/Plate-forme_collaborative\" target=\"_blank\" rel=\"nofollow noopener\">plateforme collaborative<\/a>\u00a0innovante qui optimisera le travail parlementaire et permettra de r\u00e9duire consid\u00e9rablement les d\u00e9lais d\u2019adoption.<\/p>\n<p style=\"text-align: justify;\">Plus d\u2019excuse \u00e0\u00a0<a href=\"http:\/\/www.francetvinfo.fr\/faits-divers\/terrorisme\/attaques-du-13-novembre-a-paris\/etat-d-urgence-en-france\/infographies-quel-est-le-taux-de-presence-moyen-des-deputes-lors-des-votes-a-l-assemblee-nationale_1307017.html\" target=\"_blank\" rel=\"nofollow noopener\">l\u2019absent\u00e9isme extravagant dans l\u2019h\u00e9micycle<\/a>, tant d\u00e9cri\u00e9 mais\u00a0<a href=\"http:\/\/www.slate.fr\/story\/75502\/assemblee-nationale-retenues-indemnites\" target=\"_blank\" rel=\"nofollow noopener\">rarement sanctionn\u00e9<\/a>. Les outils participatifs dont la visioconf\u00e9rence permettraient la mobilit\u00e9\u2026<\/p>\n<p style=\"text-align: justify;\">Aux c\u00f4t\u00e9s du non-emploi de la famille, de l\u2019imposition compl\u00e8te du salaire, du retour \u00e0 un r\u00e9gime g\u00e9n\u00e9ral de retraite, ce sera un \u00e9l\u00e9ment essentiel au retour \u00e0 la transparence et \u00e0 la morale politique.<em style=\"font-size: 1rem;\">\u00a0<\/em><\/p>\n<div id=\"content\" class=\"site-content\">\n<div class=\"wrap\">\n<div id=\"primary\" class=\"content-area\">\n<article id=\"post-668\" class=\"post-668 page type-page status-publish has-post-thumbnail hentry\">\n<div class=\"entry-content\">\n<hr \/>\n<p style=\"text-align: justify;\"><em>St\u00e9phane BAURBERG, CEO @\u00a0<\/em><a href=\"http:\/\/www.laboiteaconcepts.com\/\" target=\"_blank\" rel=\"nofollow noopener\"><em>La Bo\u00eete \u00e0 Concepts<\/em><\/a><em>\u00a0, Structure de Conseil qui accompagne les Grands Acteurs, et ceux en devenir, dans l\u2019<\/em><strong><em>Innovation<\/em><\/strong><em>, la\u00a0<\/em><strong><em>Structuration\u00a0<\/em><\/strong><em>et le\u00a0<\/em><strong><em>Financement\u00a0<\/em><\/strong><em>de leur\u00a0<\/em><strong><em>Plan Strat\u00e9gique<\/em><\/strong><em>.\u00a0<\/em><\/p>\n<\/div>\n<\/article>\n<\/div>\n<\/div>\n<\/div>\n","protected":false},"excerpt":{"rendered":"<p>La premi\u00e8re victoire institutionnelle d\u2019Emmanuel Macron\u00a0a \u00e9t\u00e9, sans nul doute, d\u2019avoir r\u00e9ussi \u00e0 faire exploser les partis traditionnels. Et que \u00e7a fait du bien ! La refondation politique sera \u00e9videmment port\u00e9e par de nouveaux Talents, qui n\u2019attendaient que cela pour imposer une vision moderne de leur engagement. Les \u00e9lections l\u00e9gislatives annoncent le deuxi\u00e8me coup de &hellip; <\/p>\n<p class=\"link-more\"><a href=\"https:\/\/www.laboiteaconcepts.com\/index.php\/questions-dactu\/preparez-vous-les-deputes-2-0-vont-debarquer\/\" class=\"more-link\">Continuer la lecture<span class=\"screen-reader-text\"> de &laquo;&nbsp;Pr\u00e9parez-vous, les d\u00e9put\u00e9s 2.0 vont d\u00e9barquer !&nbsp;&raquo;<\/span><\/a><\/p>\n","protected":false},"author":1,"featured_media":712,"parent":673,"menu_order":4,"comment_status":"closed","ping_status":"closed","template":"","meta":{"_acf_changed":false,"_monsterinsights_skip_tracking":false,"_monsterinsights_sitenote_active":false,"_monsterinsights_sitenote_note":"","_monsterinsights_sitenote_category":0,"footnotes":""},"class_list":["post-711","page","type-page","status-publish","has-post-thumbnail","hentry"],"acf":[],"yoast_head":"<!-- This site is optimized with the Yoast SEO plugin v27.4 - https:\/\/yoast.com\/product\/yoast-seo-wordpress\/ -->\n<title>Pr\u00e9parez-vous, les d\u00e9put\u00e9s 2.0 vont d\u00e9barquer ! | La Bo\u00eete \u00e0 Concepts<\/title>\n<meta name=\"robots\" content=\"index, follow, max-snippet:-1, max-image-preview:large, max-video-preview:-1\" \/>\n<link rel=\"canonical\" href=\"https:\/\/www.laboiteaconcepts.com\/index.php\/questions-dactu\/preparez-vous-les-deputes-2-0-vont-debarquer\/\" \/>\n<meta property=\"og:locale\" content=\"fr_FR\" \/>\n<meta property=\"og:type\" content=\"article\" \/>\n<meta property=\"og:title\" content=\"Pr\u00e9parez-vous, les d\u00e9put\u00e9s 2.0 vont d\u00e9barquer ! | La Bo\u00eete \u00e0 Concepts\" \/>\n<meta property=\"og:description\" content=\"La premi\u00e8re victoire institutionnelle d\u2019Emmanuel Macron\u00a0a \u00e9t\u00e9, sans nul doute, d\u2019avoir r\u00e9ussi \u00e0 faire exploser les partis traditionnels. Et que \u00e7a fait du bien ! La refondation politique sera \u00e9videmment port\u00e9e par de nouveaux Talents, qui n\u2019attendaient que cela pour imposer une vision moderne de leur engagement. Les \u00e9lections l\u00e9gislatives annoncent le deuxi\u00e8me coup de &hellip; Continuer la lecture de &laquo;&nbsp;Pr\u00e9parez-vous, les d\u00e9put\u00e9s 2.0 vont d\u00e9barquer !&nbsp;&raquo;\" \/>\n<meta property=\"og:url\" content=\"https:\/\/www.laboiteaconcepts.com\/index.php\/questions-dactu\/preparez-vous-les-deputes-2-0-vont-debarquer\/\" \/>\n<meta property=\"og:site_name\" content=\"La Bo\u00eete \u00e0 Concepts\" \/>\n<meta property=\"article:modified_time\" content=\"2018-04-10T10:16:52+00:00\" \/>\n<meta property=\"og:image\" content=\"https:\/\/www.laboiteaconcepts.com\/wp-content\/uploads\/2018\/04\/D\u00e9put\u00e9s-2_0-arrivent.jpg\" \/>\n\t<meta property=\"og:image:width\" content=\"640\" \/>\n\t<meta property=\"og:image:height\" content=\"426\" \/>\n\t<meta property=\"og:image:type\" content=\"image\/jpeg\" \/>\n<meta name=\"twitter:card\" content=\"summary_large_image\" \/>\n<meta name=\"twitter:site\" content=\"@BoiteAConcepts\" \/>\n<meta name=\"twitter:label1\" content=\"Dur\u00e9e de lecture estim\u00e9e\" \/>\n\t<meta name=\"twitter:data1\" content=\"3 minutes\" \/>\n<script type=\"application\/ld+json\" class=\"yoast-schema-graph\">{\"@context\":\"https:\\\/\\\/schema.org\",\"@graph\":[{\"@type\":\"WebPage\",\"@id\":\"https:\\\/\\\/www.laboiteaconcepts.com\\\/index.php\\\/questions-dactu\\\/preparez-vous-les-deputes-2-0-vont-debarquer\\\/\",\"url\":\"https:\\\/\\\/www.laboiteaconcepts.com\\\/index.php\\\/questions-dactu\\\/preparez-vous-les-deputes-2-0-vont-debarquer\\\/\",\"name\":\"Pr\u00e9parez-vous, les d\u00e9put\u00e9s 2.0 vont d\u00e9barquer ! | La Bo\u00eete \u00e0 Concepts\",\"isPartOf\":{\"@id\":\"https:\\\/\\\/www.laboiteaconcepts.com\\\/#website\"},\"primaryImageOfPage\":{\"@id\":\"https:\\\/\\\/www.laboiteaconcepts.com\\\/index.php\\\/questions-dactu\\\/preparez-vous-les-deputes-2-0-vont-debarquer\\\/#primaryimage\"},\"image\":{\"@id\":\"https:\\\/\\\/www.laboiteaconcepts.com\\\/index.php\\\/questions-dactu\\\/preparez-vous-les-deputes-2-0-vont-debarquer\\\/#primaryimage\"},\"thumbnailUrl\":\"https:\\\/\\\/www.laboiteaconcepts.com\\\/wp-content\\\/uploads\\\/2018\\\/04\\\/D\u00e9put\u00e9s-2_0-arrivent.jpg\",\"datePublished\":\"2018-04-09T15:34:04+00:00\",\"dateModified\":\"2018-04-10T10:16:52+00:00\",\"breadcrumb\":{\"@id\":\"https:\\\/\\\/www.laboiteaconcepts.com\\\/index.php\\\/questions-dactu\\\/preparez-vous-les-deputes-2-0-vont-debarquer\\\/#breadcrumb\"},\"inLanguage\":\"fr-FR\",\"potentialAction\":[{\"@type\":\"ReadAction\",\"target\":[\"https:\\\/\\\/www.laboiteaconcepts.com\\\/index.php\\\/questions-dactu\\\/preparez-vous-les-deputes-2-0-vont-debarquer\\\/\"]}]},{\"@type\":\"ImageObject\",\"inLanguage\":\"fr-FR\",\"@id\":\"https:\\\/\\\/www.laboiteaconcepts.com\\\/index.php\\\/questions-dactu\\\/preparez-vous-les-deputes-2-0-vont-debarquer\\\/#primaryimage\",\"url\":\"https:\\\/\\\/www.laboiteaconcepts.com\\\/wp-content\\\/uploads\\\/2018\\\/04\\\/D\u00e9put\u00e9s-2_0-arrivent.jpg\",\"contentUrl\":\"https:\\\/\\\/www.laboiteaconcepts.com\\\/wp-content\\\/uploads\\\/2018\\\/04\\\/D\u00e9put\u00e9s-2_0-arrivent.jpg\",\"width\":640,\"height\":426},{\"@type\":\"BreadcrumbList\",\"@id\":\"https:\\\/\\\/www.laboiteaconcepts.com\\\/index.php\\\/questions-dactu\\\/preparez-vous-les-deputes-2-0-vont-debarquer\\\/#breadcrumb\",\"itemListElement\":[{\"@type\":\"ListItem\",\"position\":1,\"name\":\"Accueil\",\"item\":\"https:\\\/\\\/www.laboiteaconcepts.com\\\/\"},{\"@type\":\"ListItem\",\"position\":2,\"name\":\"Questions d&rsquo;Actu\",\"item\":\"https:\\\/\\\/www.laboiteaconcepts.com\\\/index.php\\\/questions-dactu\\\/\"},{\"@type\":\"ListItem\",\"position\":3,\"name\":\"Pr\u00e9parez-vous, les d\u00e9put\u00e9s 2.0 vont d\u00e9barquer !\"}]},{\"@type\":\"WebSite\",\"@id\":\"https:\\\/\\\/www.laboiteaconcepts.com\\\/#website\",\"url\":\"https:\\\/\\\/www.laboiteaconcepts.com\\\/\",\"name\":\"La Bo\u00eete \u00e0 Concepts\",\"description\":\"Innovations that ease your World\",\"publisher\":{\"@id\":\"https:\\\/\\\/www.laboiteaconcepts.com\\\/#organization\"},\"potentialAction\":[{\"@type\":\"SearchAction\",\"target\":{\"@type\":\"EntryPoint\",\"urlTemplate\":\"https:\\\/\\\/www.laboiteaconcepts.com\\\/?s={search_term_string}\"},\"query-input\":{\"@type\":\"PropertyValueSpecification\",\"valueRequired\":true,\"valueName\":\"search_term_string\"}}],\"inLanguage\":\"fr-FR\"},{\"@type\":\"Organization\",\"@id\":\"https:\\\/\\\/www.laboiteaconcepts.com\\\/#organization\",\"name\":\"La Bo\u00eete \u00e0 Concepts\",\"url\":\"https:\\\/\\\/www.laboiteaconcepts.com\\\/\",\"logo\":{\"@type\":\"ImageObject\",\"inLanguage\":\"fr-FR\",\"@id\":\"https:\\\/\\\/www.laboiteaconcepts.com\\\/#\\\/schema\\\/logo\\\/image\\\/\",\"url\":\"https:\\\/\\\/www.laboiteaconcepts.com\\\/wp-content\\\/uploads\\\/2017\\\/01\\\/Logo-La-Bo\u00eete-\u00e0-Concepts-1.jpg\",\"contentUrl\":\"https:\\\/\\\/www.laboiteaconcepts.com\\\/wp-content\\\/uploads\\\/2017\\\/01\\\/Logo-La-Bo\u00eete-\u00e0-Concepts-1.jpg\",\"width\":228,\"height\":221,\"caption\":\"La Bo\u00eete \u00e0 Concepts\"},\"image\":{\"@id\":\"https:\\\/\\\/www.laboiteaconcepts.com\\\/#\\\/schema\\\/logo\\\/image\\\/\"},\"sameAs\":[\"https:\\\/\\\/x.com\\\/BoiteAConcepts\"]}]}<\/script>\n<!-- \/ Yoast SEO plugin. -->","yoast_head_json":{"title":"Pr\u00e9parez-vous, les d\u00e9put\u00e9s 2.0 vont d\u00e9barquer ! | La Bo\u00eete \u00e0 Concepts","robots":{"index":"index","follow":"follow","max-snippet":"max-snippet:-1","max-image-preview":"max-image-preview:large","max-video-preview":"max-video-preview:-1"},"canonical":"https:\/\/www.laboiteaconcepts.com\/index.php\/questions-dactu\/preparez-vous-les-deputes-2-0-vont-debarquer\/","og_locale":"fr_FR","og_type":"article","og_title":"Pr\u00e9parez-vous, les d\u00e9put\u00e9s 2.0 vont d\u00e9barquer ! | La Bo\u00eete \u00e0 Concepts","og_description":"La premi\u00e8re victoire institutionnelle d\u2019Emmanuel Macron\u00a0a \u00e9t\u00e9, sans nul doute, d\u2019avoir r\u00e9ussi \u00e0 faire exploser les partis traditionnels. Et que \u00e7a fait du bien ! La refondation politique sera \u00e9videmment port\u00e9e par de nouveaux Talents, qui n\u2019attendaient que cela pour imposer une vision moderne de leur engagement. Les \u00e9lections l\u00e9gislatives annoncent le deuxi\u00e8me coup de &hellip; Continuer la lecture de &laquo;&nbsp;Pr\u00e9parez-vous, les d\u00e9put\u00e9s 2.0 vont d\u00e9barquer !&nbsp;&raquo;","og_url":"https:\/\/www.laboiteaconcepts.com\/index.php\/questions-dactu\/preparez-vous-les-deputes-2-0-vont-debarquer\/","og_site_name":"La Bo\u00eete \u00e0 Concepts","article_modified_time":"2018-04-10T10:16:52+00:00","og_image":[{"width":640,"height":426,"url":"https:\/\/www.laboiteaconcepts.com\/wp-content\/uploads\/2018\/04\/D\u00e9put\u00e9s-2_0-arrivent.jpg","type":"image\/jpeg"}],"twitter_card":"summary_large_image","twitter_site":"@BoiteAConcepts","twitter_misc":{"Dur\u00e9e de lecture estim\u00e9e":"3 minutes"},"schema":{"@context":"https:\/\/schema.org","@graph":[{"@type":"WebPage","@id":"https:\/\/www.laboiteaconcepts.com\/index.php\/questions-dactu\/preparez-vous-les-deputes-2-0-vont-debarquer\/","url":"https:\/\/www.laboiteaconcepts.com\/index.php\/questions-dactu\/preparez-vous-les-deputes-2-0-vont-debarquer\/","name":"Pr\u00e9parez-vous, les d\u00e9put\u00e9s 2.0 vont d\u00e9barquer ! | La Bo\u00eete \u00e0 Concepts","isPartOf":{"@id":"https:\/\/www.laboiteaconcepts.com\/#website"},"primaryImageOfPage":{"@id":"https:\/\/www.laboiteaconcepts.com\/index.php\/questions-dactu\/preparez-vous-les-deputes-2-0-vont-debarquer\/#primaryimage"},"image":{"@id":"https:\/\/www.laboiteaconcepts.com\/index.php\/questions-dactu\/preparez-vous-les-deputes-2-0-vont-debarquer\/#primaryimage"},"thumbnailUrl":"https:\/\/www.laboiteaconcepts.com\/wp-content\/uploads\/2018\/04\/D\u00e9put\u00e9s-2_0-arrivent.jpg","datePublished":"2018-04-09T15:34:04+00:00","dateModified":"2018-04-10T10:16:52+00:00","breadcrumb":{"@id":"https:\/\/www.laboiteaconcepts.com\/index.php\/questions-dactu\/preparez-vous-les-deputes-2-0-vont-debarquer\/#breadcrumb"},"inLanguage":"fr-FR","potentialAction":[{"@type":"ReadAction","target":["https:\/\/www.laboiteaconcepts.com\/index.php\/questions-dactu\/preparez-vous-les-deputes-2-0-vont-debarquer\/"]}]},{"@type":"ImageObject","inLanguage":"fr-FR","@id":"https:\/\/www.laboiteaconcepts.com\/index.php\/questions-dactu\/preparez-vous-les-deputes-2-0-vont-debarquer\/#primaryimage","url":"https:\/\/www.laboiteaconcepts.com\/wp-content\/uploads\/2018\/04\/D\u00e9put\u00e9s-2_0-arrivent.jpg","contentUrl":"https:\/\/www.laboiteaconcepts.com\/wp-content\/uploads\/2018\/04\/D\u00e9put\u00e9s-2_0-arrivent.jpg","width":640,"height":426},{"@type":"BreadcrumbList","@id":"https:\/\/www.laboiteaconcepts.com\/index.php\/questions-dactu\/preparez-vous-les-deputes-2-0-vont-debarquer\/#breadcrumb","itemListElement":[{"@type":"ListItem","position":1,"name":"Accueil","item":"https:\/\/www.laboiteaconcepts.com\/"},{"@type":"ListItem","position":2,"name":"Questions d&rsquo;Actu","item":"https:\/\/www.laboiteaconcepts.com\/index.php\/questions-dactu\/"},{"@type":"ListItem","position":3,"name":"Pr\u00e9parez-vous, les d\u00e9put\u00e9s 2.0 vont d\u00e9barquer !"}]},{"@type":"WebSite","@id":"https:\/\/www.laboiteaconcepts.com\/#website","url":"https:\/\/www.laboiteaconcepts.com\/","name":"La Bo\u00eete \u00e0 Concepts","description":"Innovations that ease your World","publisher":{"@id":"https:\/\/www.laboiteaconcepts.com\/#organization"},"potentialAction":[{"@type":"SearchAction","target":{"@type":"EntryPoint","urlTemplate":"https:\/\/www.laboiteaconcepts.com\/?s={search_term_string}"},"query-input":{"@type":"PropertyValueSpecification","valueRequired":true,"valueName":"search_term_string"}}],"inLanguage":"fr-FR"},{"@type":"Organization","@id":"https:\/\/www.laboiteaconcepts.com\/#organization","name":"La Bo\u00eete \u00e0 Concepts","url":"https:\/\/www.laboiteaconcepts.com\/","logo":{"@type":"ImageObject","inLanguage":"fr-FR","@id":"https:\/\/www.laboiteaconcepts.com\/#\/schema\/logo\/image\/","url":"https:\/\/www.laboiteaconcepts.com\/wp-content\/uploads\/2017\/01\/Logo-La-Bo\u00eete-\u00e0-Concepts-1.jpg","contentUrl":"https:\/\/www.laboiteaconcepts.com\/wp-content\/uploads\/2017\/01\/Logo-La-Bo\u00eete-\u00e0-Concepts-1.jpg","width":228,"height":221,"caption":"La Bo\u00eete \u00e0 Concepts"},"image":{"@id":"https:\/\/www.laboiteaconcepts.com\/#\/schema\/logo\/image\/"},"sameAs":["https:\/\/x.com\/BoiteAConcepts"]}]}},"_links":{"self":[{"href":"https:\/\/www.laboiteaconcepts.com\/index.php\/wp-json\/wp\/v2\/pages\/711","targetHints":{"allow":["GET"]}}],"collection":[{"href":"https:\/\/www.laboiteaconcepts.com\/index.php\/wp-json\/wp\/v2\/pages"}],"about":[{"href":"https:\/\/www.laboiteaconcepts.com\/index.php\/wp-json\/wp\/v2\/types\/page"}],"author":[{"embeddable":true,"href":"https:\/\/www.laboiteaconcepts.com\/index.php\/wp-json\/wp\/v2\/users\/1"}],"replies":[{"embeddable":true,"href":"https:\/\/www.laboiteaconcepts.com\/index.php\/wp-json\/wp\/v2\/comments?post=711"}],"version-history":[{"count":2,"href":"https:\/\/www.laboiteaconcepts.com\/index.php\/wp-json\/wp\/v2\/pages\/711\/revisions"}],"predecessor-version":[{"id":741,"href":"https:\/\/www.laboiteaconcepts.com\/index.php\/wp-json\/wp\/v2\/pages\/711\/revisions\/741"}],"up":[{"embeddable":true,"href":"https:\/\/www.laboiteaconcepts.com\/index.php\/wp-json\/wp\/v2\/pages\/673"}],"wp:featuredmedia":[{"embeddable":true,"href":"https:\/\/www.laboiteaconcepts.com\/index.php\/wp-json\/wp\/v2\/media\/712"}],"wp:attachment":[{"href":"https:\/\/www.laboiteaconcepts.com\/index.php\/wp-json\/wp\/v2\/media?parent=711"}],"curies":[{"name":"wp","href":"https:\/\/api.w.org\/{rel}","templated":true}]}}