{"id":745,"date":"2018-04-13T14:08:12","date_gmt":"2018-04-13T12:08:12","guid":{"rendered":"https:\/\/www.laboiteaconcepts.com\/?page_id=745"},"modified":"2018-04-13T15:02:26","modified_gmt":"2018-04-13T13:02:26","slug":"peut-on-encore-concevoir-linnovation-sans-la-disruption","status":"publish","type":"page","link":"https:\/\/www.laboiteaconcepts.com\/index.php\/questions-dactu\/peut-on-encore-concevoir-linnovation-sans-la-disruption\/","title":{"rendered":"Peut-on encore concevoir l\u2019Innovation sans la Disruption ?"},"content":{"rendered":"<p style=\"text-align: justify;\">Accordons-nous sur un postulat\u00a0: les termes d&rsquo;Innovation et de Disruption\u00a0 sont, aujourd\u2019hui, tous deux largement galvaud\u00e9s.<\/p>\n<p style=\"text-align: justify;\">De la m\u00eame mani\u00e8re que dans les ann\u00e9es 80 \u00e0 90, beaucoup consid\u00e9raient comme innovant le seul fait d\u2019avoir son site internet, la transformation num\u00e9rique est pr\u00e9sent\u00e9e comme un s\u00e9same de l\u2019innovation.<\/p>\n<p style=\"text-align: justify;\">Disons-le clairement\u00a0: il n\u2019en est rien\u00a0!<\/p>\n<p style=\"text-align: justify;\"><strong>La transformation num\u00e9rique est le passage oblig\u00e9 des suiveurs, tout comme le site internet l\u2019\u00e9tait \u00e0 son \u00e9poque.<\/strong><\/p>\n<p style=\"text-align: justify;\">Certes, \u00e0 l\u2019\u00e9chelle de la culture d\u2019entreprise, vous me direz que cela peut avoir des airs de r\u00e9volution.<\/p>\n<p style=\"text-align: justify;\">Mais \u00e0 l\u2019\u00e9chelle du monde globalis\u00e9, o\u00f9 chaque jour porte son lot de r\u00e9invention, il faut avoir conscience que ce n&rsquo;est pas le cas.<\/p>\n<h1 style=\"text-align: justify;\"><em><span style=\"color: #ff9900;\"><strong>Comme le disait Einstein, tout est question de r\u00e9f\u00e9rentiel\u00a0!<\/strong><\/span><\/em><\/h1>\n<p style=\"text-align: justify;\">La fa\u00e7on d\u2019entrevoir l\u2019innovation a beaucoup chang\u00e9. Il y a quelques d\u00e9cennies encore, elle \u00e9tait r\u00e9serv\u00e9e aux seuls ing\u00e9nieurs-chercheurs.<\/p>\n<p style=\"text-align: justify;\">Aujourd\u2019hui, elle est \u00e0 port\u00e9e de tous\u00a0!<\/p>\n<p style=\"text-align: justify;\">Une bonne id\u00e9e, et trois camarades, \u00e0 peine dipl\u00f4m\u00e9s, peuvent associer leurs comp\u00e9tences pour monter leur plateforme num\u00e9rique,\u00a0lever des fonds, conqu\u00e9rir le monde\u00a0!<\/p>\n<p style=\"text-align: justify;\"><strong>L\u2019innovation qui \u00e9tait essentiellement technique, est d\u00e9sormais avant tout une innovation de service\u00a0:<\/strong><\/p>\n<p style=\"text-align: justify;\">&#8211;\u00a0\u00a0\u00a0\u00a0\u00a0\u00a0\u00a0Propre \u00e0 r\u00e9pondre aux attentes imm\u00e9diates des Terriens,<\/p>\n<p style=\"text-align: justify;\">&#8211;\u00a0\u00a0\u00a0\u00a0\u00a0\u00a0\u00a0Port\u00e9e par la maturit\u00e9 des outils internet et leur accessibilit\u00e9.<\/p>\n<p style=\"text-align: justify;\"><strong>La mani\u00e8re m\u00eame de mener le processus d\u2019innovation s\u2019est totalement r\u00e9invent\u00e9e pour les m\u00eames raisons.<\/strong><\/p>\n<p style=\"text-align: justify;\">On peut parler\u00a0:<\/p>\n<p style=\"text-align: justify;\">&#8211;\u00a0\u00a0\u00a0\u00a0\u00a0\u00a0\u00a0<a href=\"https:\/\/www.linkedin.com\/pulse\/4-r%C3%A8gles-dor-pour-ne-plus-pivoter-comme-une-girouette-baurberg\/\" target=\"_blank\" rel=\"noopener\">d\u2019industrialisation de la m\u00e9thode<\/a>,<\/p>\n<p style=\"text-align: justify;\">&#8211;\u00a0\u00a0\u00a0\u00a0\u00a0\u00a0\u00a0de structuration mature des acteurs cl\u00e9s \u00e0 son succ\u00e8s (priv\u00e9s\u00a0: cabinets de conseil, banques, business angels, fonds d\u2019investissement\u2026 \/ publics\u00a0:\u00a0<a href=\"http:\/\/www.bpifrance.fr\/\" target=\"_blank\" rel=\"nofollow noopener\">Bpifrance<\/a>, r\u00e9gions\u2026),<\/p>\n<p style=\"text-align: justify;\">&#8211;\u00a0\u00a0\u00a0\u00a0\u00a0\u00a0\u00a0de d\u00e9mocratisation des leviers cl\u00e9s \u00e0 sa r\u00e9ussite (culture des partenariats, \u00e9conomie participative, \u00e9conomie sociale et solidaire\u2026.),<\/p>\n<p style=\"text-align: justify;\">&#8211;\u00a0\u00a0\u00a0\u00a0\u00a0\u00a0\u00a0d\u2019instantan\u00e9it\u00e9 (ou presque) des r\u00e9sultats et donc de l\u2019adh\u00e9sion (<a href=\"http:\/\/1001startups.fr\/startup-traction-definition\/\" target=\"_blank\" rel=\"nofollow noopener\">traction<\/a>).<\/p>\n<p style=\"text-align: justify;\"><strong>Innover ob\u00e9it \u00e0 trois r\u00e8gles initiales claires\u00a0:<\/strong><\/p>\n<p style=\"text-align: justify;\">&#8211;\u00a0\u00a0\u00a0\u00a0\u00a0\u00a0\u00a0r\u00e9pondre \u00e0 un besoin pr\u00e9cis d\u2019un march\u00e9 significatif (<a href=\"https:\/\/www.quora.com\/What-is-meant-by-Market-Friction\" target=\"_blank\" rel=\"nofollow noopener\">friction<\/a>)\u00a0;<\/p>\n<p style=\"text-align: justify;\">&#8211;\u00a0\u00a0\u00a0\u00a0\u00a0\u00a0\u00a0qui n\u2019a aucune solution satisfaisante en l\u2019\u00e9tat\u00a0;<\/p>\n<p style=\"text-align: justify;\">&#8211;\u00a0\u00a0\u00a0\u00a0\u00a0\u00a0\u00a0et ce, de mani\u00e8re simple, coh\u00e9rente et efficiente pour l\u2019utilisateur.<\/p>\n<p style=\"text-align: justify;\"><strong>Que l\u2019innovation soit anticipative ou remplace une solution usuelle insatisfaisante, nous sommes bien dans une projection disruptive\u00a0: changer la donne sur un march\u00e9.<\/strong><\/p>\n<p style=\"text-align: justify;\">Ne prenons qu\u2019un seul exemple\u00a0:\u00a0<a href=\"https:\/\/www.uber.com\/fr\/\" target=\"_blank\" rel=\"nofollow noopener\">UBER<\/a>.<\/p>\n<p style=\"text-align: justify;\">Les chauffeurs priv\u00e9s existaient, la r\u00e9servation de chauffeur existait, la g\u00e9olocalisation existait.<\/p>\n<p style=\"text-align: justify;\">UBER a eu la clairvoyance de les r\u00e9unir dans une application la plus simple du monde, que tout le monde aura \u00e0 port\u00e9e de main, en situation de mobilit\u00e9, tout en d\u00e9mocratisant le prix par l&rsquo;industrialisation du service.<\/p>\n<p style=\"text-align: justify;\">Nous sommes clairement dans le remplacement d\u2019une solution non-satisfaisante, \u00e0 travers une combinaison innovante de choses existantes.<\/p>\n<p style=\"text-align: justify;\">Pourtant, qui remettrait en cause le caract\u00e8re innovant, ou celui disruptif d\u2019UBER, qui est certainement \u00e0 l\u2019origine du premier usage de ce terme\u00a0?<\/p>\n<h1 style=\"text-align: justify;\"><em><span style=\"color: #ff9900;\"><strong>Marre d\u2019entendre \u00e0 tout va le terme de disruption\u00a0!<\/strong><\/span><\/em><\/h1>\n<p style=\"text-align: justify;\"><strong>Voici une des phrases les plus entendues dans les COMEX\u00a0!<\/strong><\/p>\n<p style=\"text-align: justify;\">Pourquoi\u00a0? Parce que les crit\u00e8res de l\u2019innovation sont bien devenus ceux de la disruption.<\/p>\n<p style=\"text-align: justify;\">Faire la diff\u00e9rence, c\u2019est r\u00e9pondre au probl\u00e8me avant les autres, en rel\u00e9guant au rang de dinosaure ses concurrents.<\/p>\n<p style=\"text-align: justify;\">Je tentais de r\u00e9pondre dans un pr\u00e9c\u00e9dent article \u00e0 la question de savoir :\u00a0<a href=\"https:\/\/www.linkedin.com\/pulse\/vous-%C3%AAtes-vous-d%C3%A9j%C3%A0-demand%C3%A9s-pourquoi-les-licornes-des-baurberg\/\" target=\"_blank\" rel=\"noopener\">pourquoi les licornes ne naissent que des startups ?<\/a><\/p>\n<p style=\"text-align: justify;\">M\u00eame si depuis, les investissements dans des labs d\u2019innovation des Grands Groupes vont dans le bon sens, il n\u2019en reste pas moins que la lourdeur des organisations, des cycles de d\u00e9cision, du poids de la politique interne qui paralyse de nombreuses audaces pourtant indispensables, \u2026, explique toujours leur difficult\u00e9 \u00e0 disrupter leur secteur.<\/p>\n<h1 style=\"text-align: justify;\"><span style=\"color: #ff9900;\"><strong>Que dire du\u00a0<\/strong><a style=\"color: #ff9900;\" href=\"https:\/\/www.lesechos.fr\/industrie-services\/conso-distribution\/0301487512723-avec-monoprix-casino-cede-aux-sirenes-damazon-2164295.php\" target=\"_blank\" rel=\"nofollow noopener\"><strong>partenariat de distribution de Monoprix (Groupe Casino) avec Amazon<\/strong><\/a>\u00a0<strong>\u00a0?<\/strong><\/span><\/h1>\n<p style=\"text-align: justify;\"><strong>Annonc\u00e9 en grande pompe comme historique, peut-on plus parler d\u2019une innovation dans le domaine de la distribution ou d\u2019une reddition en r\u00e8gle d\u2019une superbe soci\u00e9t\u00e9 traditionnelle \u00e0 sa non moins superbe Licorne concurrente\u00a0?<\/strong><\/p>\n<p style=\"text-align: justify;\">Pourtant, personne ne pourra dire que\u00a0<a href=\"https:\/\/www.monoprix.fr\/\" target=\"_blank\" rel=\"nofollow noopener\">Monoprix\u00a0<\/a>n\u2019a pas su diversifier et d\u00e9velopper brillamment ses formats de magasin. Personne ne remettra non plus en cause la qualit\u00e9 de ses nombreux collaborateurs.<\/p>\n<p style=\"text-align: justify;\">Mais alors pourquoi diable ne pas avoir r\u00e9pliqu\u00e9 ses capacit\u00e9s d\u2019innovation dans le commerce physique, dans le commerce digital\u00a0? Pourquoi diable servir au g\u00e9ant am\u00e9ricain, un pan strat\u00e9gique qui lui manquait pour acc\u00e9l\u00e9rer son emprise sur le march\u00e9, et condamner encore un peu plus le commerce de proximit\u00e9\u00a0?<\/p>\n<p style=\"text-align: justify;\"><strong>Au-del\u00e0 de tout, disrupter c\u2019est\u00a0:<\/strong><\/p>\n<p style=\"text-align: justify;\">&#8211;\u00a0\u00a0\u00a0\u00a0\u00a0\u00a0\u00a0une vision anticipative qui doit \u00eatre entendue par les dirigeants\u00a0;<\/p>\n<p style=\"text-align: justify;\">&#8211;\u00a0\u00a0\u00a0\u00a0\u00a0\u00a0\u00a0un risque \u00e0 prendre sur son mod\u00e8le, qui est certes plus simple \u00e0 prendre quand on est une startup, mais que l\u2019on sait aujourd\u2019hui tr\u00e8s bien manager dans un contexte Grand-Groupe\u00a0;<\/p>\n<p style=\"text-align: justify;\">&#8211;\u00a0\u00a0\u00a0\u00a0\u00a0\u00a0\u00a0prendre conscience que cela n\u2019est plus un choix mais une obligation pour prendre l\u2019ascendant sur la concurrence.<\/p>\n<p style=\"text-align: justify;\"><span style=\"color: #000000;\"><strong><em>Une chose est s\u00fbre, si les termes innovation technique ou innovation de proc\u00e9d\u00e9, gardent \u00e0 l\u2019\u00e9vidence, encore tout leur sens s\u00e9par\u00e9 de celui de la disruption, il n\u2019est d\u00e9finitivement plus possible de concevoir une innovation de service autrement que dans la disruption\u2026 ou comme une fausse route.<\/em><\/strong><\/span><\/p>\n<p style=\"text-align: justify;\"><em>\u00a0\u00bb St\u00e9phane BAURBERG, CEO @\u00a0<\/em><a href=\"http:\/\/www.laboiteaconcepts.com\/\" target=\"_blank\" rel=\"nofollow noopener\"><em>La Bo\u00eete \u00e0 Concepts<\/em><\/a><em>\u00a0, Structure de Conseil qui accompagne les Grands Acteurs, et ceux en devenir, dans l&rsquo;<\/em><strong><em>Innovation<\/em><\/strong><em>, la<\/em><strong><em>Structuration\u00a0<\/em><\/strong><em>et le\u00a0<\/em><strong><em>Financement\u00a0<\/em><\/strong><em>de leur\u00a0<\/em><strong><em>Plan Strat\u00e9gique<\/em><\/strong><em>.\u00a0\u00bb<\/em><\/p>\n","protected":false},"excerpt":{"rendered":"<p>Accordons-nous sur un postulat\u00a0: les termes d&rsquo;Innovation et de Disruption\u00a0 sont, aujourd\u2019hui, tous deux largement galvaud\u00e9s. De la m\u00eame mani\u00e8re que dans les ann\u00e9es 80 \u00e0 90, beaucoup consid\u00e9raient comme innovant le seul fait d\u2019avoir son site internet, la transformation num\u00e9rique est pr\u00e9sent\u00e9e comme un s\u00e9same de l\u2019innovation. Disons-le clairement\u00a0: il n\u2019en est rien\u00a0! La &hellip; <\/p>\n<p class=\"link-more\"><a href=\"https:\/\/www.laboiteaconcepts.com\/index.php\/questions-dactu\/peut-on-encore-concevoir-linnovation-sans-la-disruption\/\" class=\"more-link\">Continuer la lecture<span class=\"screen-reader-text\"> de &laquo;&nbsp;Peut-on encore concevoir l\u2019Innovation sans la Disruption ?&nbsp;&raquo;<\/span><\/a><\/p>\n","protected":false},"author":1,"featured_media":760,"parent":673,"menu_order":8,"comment_status":"closed","ping_status":"closed","template":"","meta":{"_acf_changed":false,"_monsterinsights_skip_tracking":false,"_monsterinsights_sitenote_active":false,"_monsterinsights_sitenote_note":"","_monsterinsights_sitenote_category":0,"footnotes":""},"class_list":["post-745","page","type-page","status-publish","has-post-thumbnail","hentry"],"acf":[],"yoast_head":"<!-- This site is optimized with the Yoast SEO plugin v27.5 - https:\/\/yoast.com\/product\/yoast-seo-wordpress\/ -->\n<title>Peut-on encore concevoir l\u2019Innovation sans la Disruption ? | La Bo\u00eete \u00e0 Concepts<\/title>\n<meta name=\"robots\" content=\"index, follow, max-snippet:-1, max-image-preview:large, max-video-preview:-1\" \/>\n<link rel=\"canonical\" href=\"https:\/\/www.laboiteaconcepts.com\/index.php\/questions-dactu\/peut-on-encore-concevoir-linnovation-sans-la-disruption\/\" \/>\n<meta property=\"og:locale\" content=\"fr_FR\" \/>\n<meta property=\"og:type\" content=\"article\" \/>\n<meta property=\"og:title\" content=\"Peut-on encore concevoir l\u2019Innovation sans la Disruption ? | La Bo\u00eete \u00e0 Concepts\" \/>\n<meta property=\"og:description\" content=\"Accordons-nous sur un postulat\u00a0: les termes d&rsquo;Innovation et de Disruption\u00a0 sont, aujourd\u2019hui, tous deux largement galvaud\u00e9s. De la m\u00eame mani\u00e8re que dans les ann\u00e9es 80 \u00e0 90, beaucoup consid\u00e9raient comme innovant le seul fait d\u2019avoir son site internet, la transformation num\u00e9rique est pr\u00e9sent\u00e9e comme un s\u00e9same de l\u2019innovation. Disons-le clairement\u00a0: il n\u2019en est rien\u00a0! La &hellip; Continuer la lecture de &laquo;&nbsp;Peut-on encore concevoir l\u2019Innovation sans la Disruption ?&nbsp;&raquo;\" \/>\n<meta property=\"og:url\" content=\"https:\/\/www.laboiteaconcepts.com\/index.php\/questions-dactu\/peut-on-encore-concevoir-linnovation-sans-la-disruption\/\" \/>\n<meta property=\"og:site_name\" content=\"La Bo\u00eete \u00e0 Concepts\" \/>\n<meta property=\"article:modified_time\" content=\"2018-04-13T13:02:26+00:00\" \/>\n<meta property=\"og:image\" content=\"https:\/\/www.laboiteaconcepts.com\/wp-content\/uploads\/2018\/04\/Suricate-Disrupteur-La-Bo\u00eete-\u00e0-Concepts-6-1024x551.png\" \/>\n\t<meta property=\"og:image:width\" content=\"1024\" \/>\n\t<meta property=\"og:image:height\" content=\"551\" \/>\n\t<meta property=\"og:image:type\" content=\"image\/png\" \/>\n<meta name=\"twitter:card\" content=\"summary_large_image\" \/>\n<meta name=\"twitter:site\" content=\"@BoiteAConcepts\" \/>\n<meta name=\"twitter:label1\" content=\"Dur\u00e9e de lecture estim\u00e9e\" \/>\n\t<meta name=\"twitter:data1\" content=\"5 minutes\" \/>\n<script type=\"application\/ld+json\" class=\"yoast-schema-graph\">{\"@context\":\"https:\\\/\\\/schema.org\",\"@graph\":[{\"@type\":\"WebPage\",\"@id\":\"https:\\\/\\\/www.laboiteaconcepts.com\\\/index.php\\\/questions-dactu\\\/peut-on-encore-concevoir-linnovation-sans-la-disruption\\\/\",\"url\":\"https:\\\/\\\/www.laboiteaconcepts.com\\\/index.php\\\/questions-dactu\\\/peut-on-encore-concevoir-linnovation-sans-la-disruption\\\/\",\"name\":\"Peut-on encore concevoir l\u2019Innovation sans la Disruption ? | La Bo\u00eete \u00e0 Concepts\",\"isPartOf\":{\"@id\":\"https:\\\/\\\/www.laboiteaconcepts.com\\\/#website\"},\"primaryImageOfPage\":{\"@id\":\"https:\\\/\\\/www.laboiteaconcepts.com\\\/index.php\\\/questions-dactu\\\/peut-on-encore-concevoir-linnovation-sans-la-disruption\\\/#primaryimage\"},\"image\":{\"@id\":\"https:\\\/\\\/www.laboiteaconcepts.com\\\/index.php\\\/questions-dactu\\\/peut-on-encore-concevoir-linnovation-sans-la-disruption\\\/#primaryimage\"},\"thumbnailUrl\":\"https:\\\/\\\/www.laboiteaconcepts.com\\\/wp-content\\\/uploads\\\/2018\\\/04\\\/Suricate-Disrupteur-La-Bo\u00eete-\u00e0-Concepts-6.png\",\"datePublished\":\"2018-04-13T12:08:12+00:00\",\"dateModified\":\"2018-04-13T13:02:26+00:00\",\"breadcrumb\":{\"@id\":\"https:\\\/\\\/www.laboiteaconcepts.com\\\/index.php\\\/questions-dactu\\\/peut-on-encore-concevoir-linnovation-sans-la-disruption\\\/#breadcrumb\"},\"inLanguage\":\"fr-FR\",\"potentialAction\":[{\"@type\":\"ReadAction\",\"target\":[\"https:\\\/\\\/www.laboiteaconcepts.com\\\/index.php\\\/questions-dactu\\\/peut-on-encore-concevoir-linnovation-sans-la-disruption\\\/\"]}]},{\"@type\":\"ImageObject\",\"inLanguage\":\"fr-FR\",\"@id\":\"https:\\\/\\\/www.laboiteaconcepts.com\\\/index.php\\\/questions-dactu\\\/peut-on-encore-concevoir-linnovation-sans-la-disruption\\\/#primaryimage\",\"url\":\"https:\\\/\\\/www.laboiteaconcepts.com\\\/wp-content\\\/uploads\\\/2018\\\/04\\\/Suricate-Disrupteur-La-Bo\u00eete-\u00e0-Concepts-6.png\",\"contentUrl\":\"https:\\\/\\\/www.laboiteaconcepts.com\\\/wp-content\\\/uploads\\\/2018\\\/04\\\/Suricate-Disrupteur-La-Bo\u00eete-\u00e0-Concepts-6.png\",\"width\":2500,\"height\":1346},{\"@type\":\"BreadcrumbList\",\"@id\":\"https:\\\/\\\/www.laboiteaconcepts.com\\\/index.php\\\/questions-dactu\\\/peut-on-encore-concevoir-linnovation-sans-la-disruption\\\/#breadcrumb\",\"itemListElement\":[{\"@type\":\"ListItem\",\"position\":1,\"name\":\"Accueil\",\"item\":\"https:\\\/\\\/www.laboiteaconcepts.com\\\/\"},{\"@type\":\"ListItem\",\"position\":2,\"name\":\"Questions d&rsquo;Actu\",\"item\":\"https:\\\/\\\/www.laboiteaconcepts.com\\\/index.php\\\/questions-dactu\\\/\"},{\"@type\":\"ListItem\",\"position\":3,\"name\":\"Peut-on encore concevoir l\u2019Innovation sans la Disruption ?\"}]},{\"@type\":\"WebSite\",\"@id\":\"https:\\\/\\\/www.laboiteaconcepts.com\\\/#website\",\"url\":\"https:\\\/\\\/www.laboiteaconcepts.com\\\/\",\"name\":\"La Bo\u00eete \u00e0 Concepts\",\"description\":\"Innovations that ease your World\",\"publisher\":{\"@id\":\"https:\\\/\\\/www.laboiteaconcepts.com\\\/#organization\"},\"potentialAction\":[{\"@type\":\"SearchAction\",\"target\":{\"@type\":\"EntryPoint\",\"urlTemplate\":\"https:\\\/\\\/www.laboiteaconcepts.com\\\/?s={search_term_string}\"},\"query-input\":{\"@type\":\"PropertyValueSpecification\",\"valueRequired\":true,\"valueName\":\"search_term_string\"}}],\"inLanguage\":\"fr-FR\"},{\"@type\":\"Organization\",\"@id\":\"https:\\\/\\\/www.laboiteaconcepts.com\\\/#organization\",\"name\":\"La Bo\u00eete \u00e0 Concepts\",\"url\":\"https:\\\/\\\/www.laboiteaconcepts.com\\\/\",\"logo\":{\"@type\":\"ImageObject\",\"inLanguage\":\"fr-FR\",\"@id\":\"https:\\\/\\\/www.laboiteaconcepts.com\\\/#\\\/schema\\\/logo\\\/image\\\/\",\"url\":\"https:\\\/\\\/www.laboiteaconcepts.com\\\/wp-content\\\/uploads\\\/2017\\\/01\\\/Logo-La-Bo\u00eete-\u00e0-Concepts-1.jpg\",\"contentUrl\":\"https:\\\/\\\/www.laboiteaconcepts.com\\\/wp-content\\\/uploads\\\/2017\\\/01\\\/Logo-La-Bo\u00eete-\u00e0-Concepts-1.jpg\",\"width\":228,\"height\":221,\"caption\":\"La Bo\u00eete \u00e0 Concepts\"},\"image\":{\"@id\":\"https:\\\/\\\/www.laboiteaconcepts.com\\\/#\\\/schema\\\/logo\\\/image\\\/\"},\"sameAs\":[\"https:\\\/\\\/x.com\\\/BoiteAConcepts\"]}]}<\/script>\n<!-- \/ Yoast SEO plugin. -->","yoast_head_json":{"title":"Peut-on encore concevoir l\u2019Innovation sans la Disruption ? | La Bo\u00eete \u00e0 Concepts","robots":{"index":"index","follow":"follow","max-snippet":"max-snippet:-1","max-image-preview":"max-image-preview:large","max-video-preview":"max-video-preview:-1"},"canonical":"https:\/\/www.laboiteaconcepts.com\/index.php\/questions-dactu\/peut-on-encore-concevoir-linnovation-sans-la-disruption\/","og_locale":"fr_FR","og_type":"article","og_title":"Peut-on encore concevoir l\u2019Innovation sans la Disruption ? | La Bo\u00eete \u00e0 Concepts","og_description":"Accordons-nous sur un postulat\u00a0: les termes d&rsquo;Innovation et de Disruption\u00a0 sont, aujourd\u2019hui, tous deux largement galvaud\u00e9s. De la m\u00eame mani\u00e8re que dans les ann\u00e9es 80 \u00e0 90, beaucoup consid\u00e9raient comme innovant le seul fait d\u2019avoir son site internet, la transformation num\u00e9rique est pr\u00e9sent\u00e9e comme un s\u00e9same de l\u2019innovation. Disons-le clairement\u00a0: il n\u2019en est rien\u00a0! La &hellip; Continuer la lecture de &laquo;&nbsp;Peut-on encore concevoir l\u2019Innovation sans la Disruption ?&nbsp;&raquo;","og_url":"https:\/\/www.laboiteaconcepts.com\/index.php\/questions-dactu\/peut-on-encore-concevoir-linnovation-sans-la-disruption\/","og_site_name":"La Bo\u00eete \u00e0 Concepts","article_modified_time":"2018-04-13T13:02:26+00:00","og_image":[{"width":1024,"height":551,"url":"https:\/\/www.laboiteaconcepts.com\/wp-content\/uploads\/2018\/04\/Suricate-Disrupteur-La-Bo\u00eete-\u00e0-Concepts-6-1024x551.png","type":"image\/png"}],"twitter_card":"summary_large_image","twitter_site":"@BoiteAConcepts","twitter_misc":{"Dur\u00e9e de lecture estim\u00e9e":"5 minutes"},"schema":{"@context":"https:\/\/schema.org","@graph":[{"@type":"WebPage","@id":"https:\/\/www.laboiteaconcepts.com\/index.php\/questions-dactu\/peut-on-encore-concevoir-linnovation-sans-la-disruption\/","url":"https:\/\/www.laboiteaconcepts.com\/index.php\/questions-dactu\/peut-on-encore-concevoir-linnovation-sans-la-disruption\/","name":"Peut-on encore concevoir l\u2019Innovation sans la Disruption ? | La Bo\u00eete \u00e0 Concepts","isPartOf":{"@id":"https:\/\/www.laboiteaconcepts.com\/#website"},"primaryImageOfPage":{"@id":"https:\/\/www.laboiteaconcepts.com\/index.php\/questions-dactu\/peut-on-encore-concevoir-linnovation-sans-la-disruption\/#primaryimage"},"image":{"@id":"https:\/\/www.laboiteaconcepts.com\/index.php\/questions-dactu\/peut-on-encore-concevoir-linnovation-sans-la-disruption\/#primaryimage"},"thumbnailUrl":"https:\/\/www.laboiteaconcepts.com\/wp-content\/uploads\/2018\/04\/Suricate-Disrupteur-La-Bo\u00eete-\u00e0-Concepts-6.png","datePublished":"2018-04-13T12:08:12+00:00","dateModified":"2018-04-13T13:02:26+00:00","breadcrumb":{"@id":"https:\/\/www.laboiteaconcepts.com\/index.php\/questions-dactu\/peut-on-encore-concevoir-linnovation-sans-la-disruption\/#breadcrumb"},"inLanguage":"fr-FR","potentialAction":[{"@type":"ReadAction","target":["https:\/\/www.laboiteaconcepts.com\/index.php\/questions-dactu\/peut-on-encore-concevoir-linnovation-sans-la-disruption\/"]}]},{"@type":"ImageObject","inLanguage":"fr-FR","@id":"https:\/\/www.laboiteaconcepts.com\/index.php\/questions-dactu\/peut-on-encore-concevoir-linnovation-sans-la-disruption\/#primaryimage","url":"https:\/\/www.laboiteaconcepts.com\/wp-content\/uploads\/2018\/04\/Suricate-Disrupteur-La-Bo\u00eete-\u00e0-Concepts-6.png","contentUrl":"https:\/\/www.laboiteaconcepts.com\/wp-content\/uploads\/2018\/04\/Suricate-Disrupteur-La-Bo\u00eete-\u00e0-Concepts-6.png","width":2500,"height":1346},{"@type":"BreadcrumbList","@id":"https:\/\/www.laboiteaconcepts.com\/index.php\/questions-dactu\/peut-on-encore-concevoir-linnovation-sans-la-disruption\/#breadcrumb","itemListElement":[{"@type":"ListItem","position":1,"name":"Accueil","item":"https:\/\/www.laboiteaconcepts.com\/"},{"@type":"ListItem","position":2,"name":"Questions d&rsquo;Actu","item":"https:\/\/www.laboiteaconcepts.com\/index.php\/questions-dactu\/"},{"@type":"ListItem","position":3,"name":"Peut-on encore concevoir l\u2019Innovation sans la Disruption ?"}]},{"@type":"WebSite","@id":"https:\/\/www.laboiteaconcepts.com\/#website","url":"https:\/\/www.laboiteaconcepts.com\/","name":"La Bo\u00eete \u00e0 Concepts","description":"Innovations that ease your World","publisher":{"@id":"https:\/\/www.laboiteaconcepts.com\/#organization"},"potentialAction":[{"@type":"SearchAction","target":{"@type":"EntryPoint","urlTemplate":"https:\/\/www.laboiteaconcepts.com\/?s={search_term_string}"},"query-input":{"@type":"PropertyValueSpecification","valueRequired":true,"valueName":"search_term_string"}}],"inLanguage":"fr-FR"},{"@type":"Organization","@id":"https:\/\/www.laboiteaconcepts.com\/#organization","name":"La Bo\u00eete \u00e0 Concepts","url":"https:\/\/www.laboiteaconcepts.com\/","logo":{"@type":"ImageObject","inLanguage":"fr-FR","@id":"https:\/\/www.laboiteaconcepts.com\/#\/schema\/logo\/image\/","url":"https:\/\/www.laboiteaconcepts.com\/wp-content\/uploads\/2017\/01\/Logo-La-Bo\u00eete-\u00e0-Concepts-1.jpg","contentUrl":"https:\/\/www.laboiteaconcepts.com\/wp-content\/uploads\/2017\/01\/Logo-La-Bo\u00eete-\u00e0-Concepts-1.jpg","width":228,"height":221,"caption":"La Bo\u00eete \u00e0 Concepts"},"image":{"@id":"https:\/\/www.laboiteaconcepts.com\/#\/schema\/logo\/image\/"},"sameAs":["https:\/\/x.com\/BoiteAConcepts"]}]}},"_links":{"self":[{"href":"https:\/\/www.laboiteaconcepts.com\/index.php\/wp-json\/wp\/v2\/pages\/745","targetHints":{"allow":["GET"]}}],"collection":[{"href":"https:\/\/www.laboiteaconcepts.com\/index.php\/wp-json\/wp\/v2\/pages"}],"about":[{"href":"https:\/\/www.laboiteaconcepts.com\/index.php\/wp-json\/wp\/v2\/types\/page"}],"author":[{"embeddable":true,"href":"https:\/\/www.laboiteaconcepts.com\/index.php\/wp-json\/wp\/v2\/users\/1"}],"replies":[{"embeddable":true,"href":"https:\/\/www.laboiteaconcepts.com\/index.php\/wp-json\/wp\/v2\/comments?post=745"}],"version-history":[{"count":3,"href":"https:\/\/www.laboiteaconcepts.com\/index.php\/wp-json\/wp\/v2\/pages\/745\/revisions"}],"predecessor-version":[{"id":755,"href":"https:\/\/www.laboiteaconcepts.com\/index.php\/wp-json\/wp\/v2\/pages\/745\/revisions\/755"}],"up":[{"embeddable":true,"href":"https:\/\/www.laboiteaconcepts.com\/index.php\/wp-json\/wp\/v2\/pages\/673"}],"wp:featuredmedia":[{"embeddable":true,"href":"https:\/\/www.laboiteaconcepts.com\/index.php\/wp-json\/wp\/v2\/media\/760"}],"wp:attachment":[{"href":"https:\/\/www.laboiteaconcepts.com\/index.php\/wp-json\/wp\/v2\/media?parent=745"}],"curies":[{"name":"wp","href":"https:\/\/api.w.org\/{rel}","templated":true}]}}